{"id":35470,"date":"2023-11-04T15:45:02","date_gmt":"2023-11-04T14:45:02","guid":{"rendered":"https:\/\/armurerie-richert.ch\/produit\/holosun-pid\/"},"modified":"2023-11-04T15:45:02","modified_gmt":"2023-11-04T14:45:02","slug":"holosun-pid","status":"publish","type":"product","link":"https:\/\/armurerie-richert.ch\/de\/produit\/holosun-pid\/","title":{"rendered":"HOLOSUN PID"},"content":{"rendered":"<h3>HOLOSUN PID<\/h3>\n<p>Die P.ID Serie von Waffenlampen ist eine kompakte, leistungsstarke, wei\u00dfe Lampe f\u00fcr Pistolen, die f\u00fcr die positive Identifizierung von Bedrohungen bei schlechten oder keinen Lichtverh\u00e4ltnissen konzipiert wurde. Die P.ID kann an jeder Waffe mit einer MIL-STD 1913 Picatinny Schiene befestigt werden und enth\u00e4lt Adapter f\u00fcr universelle Kompatibilit\u00e4t. <\/p>\n<p><strong>Modi:<\/strong><\/p>\n<ul>\n<li><strong>Constant On: <\/strong>Dr\u00fccken Sie kurz eine der beiden Aktivierungstasten, um den Modus Constant On zu aktivieren. Dr\u00fccken Sie kurz eine der beiden Aktivierungstasten, um das Ger\u00e4t auszuschalten. <\/li>\n<li><strong>Momentan Ein:<\/strong> Dr\u00fccken und halten Sie die Aktivierungstaste f\u00fcr mehr als 0,5 Sekunden und die P.ID bleibt eingeschaltet, bis Sie die Taste loslassen.<\/li>\n<li><strong>Wechsel <\/strong>zwischen <strong>hohen und niedrigen Intensit\u00e4tsmodi: <\/strong>Halten Sie die Aktivierungstasten gleichzeitig gedr\u00fcckt, um zwischen hohen und niedrigen <strong>Intensit\u00e4tsmodi <\/strong>zu wechseln.<\/li>\n<li><strong>Lockout Mode: <\/strong>Der Lockout-Modus verhindert die unbeabsichtigte Aktivierung der Leuchte. Dr\u00fccken Sie dreimal auf eine der Aktivierungstasten, um den Sperrmodus zu aktivieren. Wiederholen Sie dies, um den Sperrmodus zu deaktivieren.  <\/li>\n<\/ul>\n<p><strong>Spezifikationen:<\/strong><\/p>\n<ul>\n<li><strong>Output High:<\/strong> 1000 Lumen<\/li>\n<li><strong>Ausgangsleistung Low: <\/strong>500 Lumen<\/li>\n<li><strong>Candela High:<\/strong> 23,000<\/li>\n<li><strong>Candela Low:<\/strong> 11,000<\/li>\n<li><strong>Laufzeit: <\/strong>30Min.<\/li>\n<li><strong>Laufzeit:<\/strong> 60Min.<\/li>\n<li><strong>IPX Rating:<\/strong> IP68<\/li>\n<li><strong>Material:<\/strong> 7075 T6 Aluminium<\/li>\n<li><strong>Gewicht: <\/strong>5 oz.<\/li>\n<li><strong>L\u00e4nge: <\/strong>3.2&#8243;<strong>. <\/strong><\/li>\n<li><strong>Breite:<\/strong> 1.2&#8243;<strong>.<\/strong> <\/li>\n<li><strong>H\u00f6he: <\/strong>1.4&#8243;<strong>. <\/strong><\/li>\n<\/ul>\n<p><strong>Includes:<\/strong><\/p>\n<ul>\n<li>(1) Wiederaufladbare Batterie<\/li>\n<li>(1) Rail Interface Adapter Insert Kit<\/li>\n<li>(1) USB Magnetic Charging Cable (Magnetisches Ladekabel)<\/li>\n<li>(1) T10 Torx Tool<\/li>\n<\/ul>\n","protected":false},"excerpt":{"rendered":"<p>Die P.ID Serie von Waffenlampen ist eine kompakte, leistungsstarke, wei\u00dfe Lampe f\u00fcr Pistolen, die f\u00fcr die positive Identifizierung von Bedrohungen bei schlechten oder gar keinen Lichtverh\u00e4ltnissen konzipiert wurde. Die P.ID kann an jeder Waffe mit einer MIL-STD 1913 Picatinny Schiene befestigt werden und enth\u00e4lt Adapter f\u00fcr universelle Kompatibilit\u00e4t. <\/p>\n<p><strong>Modi:<\/strong><\/p>\n<ul>\n<li><strong>Constant On: <\/strong>Dr\u00fccken Sie kurz eine der beiden Aktivierungstasten, um den Modus Constant On zu aktivieren. Dr\u00fccken Sie kurz eine der beiden Aktivierungstasten, um das Ger\u00e4t auszuschalten. <\/li>\n<li><strong>Momentan Ein:<\/strong> Dr\u00fccken und halten Sie die Aktivierungstaste f\u00fcr mehr als 0,5 Sekunden und die P.ID bleibt eingeschaltet, bis Sie die Taste loslassen.<\/li>\n<li><strong>Wechsel <\/strong>zwischen <strong>hohen und niedrigen Intensit\u00e4tsmodi: <\/strong>Halten Sie die Aktivierungstasten gleichzeitig gedr\u00fcckt, um zwischen hohen und niedrigen <strong>Intensit\u00e4tsmodi <\/strong>zu wechseln.<\/li>\n<li><strong>Lockout Mode: <\/strong>Der Lockout-Modus verhindert die unbeabsichtigte Aktivierung der Leuchte. Dr\u00fccken Sie dreimal auf eine der Aktivierungstasten, um den Sperrmodus zu aktivieren. Wiederholen Sie dies, um den Sperrmodus zu deaktivieren.  <\/li>\n<\/ul>\n<p><strong>Spezifikationen:<\/strong><\/p>\n<ul>\n<li><strong>Output High:<\/strong> 1000 Lumen<\/li>\n<li><strong>Ausgangsleistung Low: <\/strong>500 Lumen<\/li>\n<li><strong>Candela High:<\/strong> 23,000<\/li>\n<li><strong>Candela Low:<\/strong> 11,000<\/li>\n<li><strong>Laufzeit: <\/strong>30Min.<\/li>\n<li><strong>Laufzeit:<\/strong> 60Min.<\/li>\n<li><strong>IPX Rating:<\/strong> IP68<\/li>\n<li><strong>Material:<\/strong> 7075 T6 Aluminium<\/li>\n<li><strong>Gewicht: <\/strong>5 oz.<\/li>\n<li><strong>L\u00e4nge: <\/strong>3.2&#8243;<strong>. <\/strong><\/li>\n<li><strong>Breite:<\/strong> 1.2&#8243;<strong>.<\/strong> <\/li>\n<li><strong>H\u00f6he: <\/strong>1.4&#8243;<strong>. <\/strong><\/li>\n<\/ul>\n<p><strong>Includes:<\/strong><\/p>\n<ul>\n<li>(1) Wiederaufladbare Batterie<\/li>\n<li>(1) Rail Interface Adapter Insert Kit<\/li>\n<li>(1) USB Magnetic Charging Cable (Magnetisches Ladekabel)<\/li>\n<li>(1) T10 Torx Tool<\/li>\n<\/ul>\n","protected":false},"featured_media":32270,"template":"","meta":{"_et_pb_use_builder":"","_et_pb_old_content":"","_et_gb_content_width":""},"product_brand":[],"product_cat":[67,65],"product_tag":[],"class_list":{"0":"post-35470","1":"product","2":"type-product","3":"status-publish","4":"has-post-thumbnail","6":"product_cat-lampen","7":"product_cat-zubehor-und-optik","9":"first","10":"instock","11":"shipping-taxable","12":"purchasable","13":"product-type-simple"},"yoast_head":"<!-- This site is optimized with the Yoast SEO Premium plugin v24.7 (Yoast SEO v27.5) - https:\/\/yoast.com\/product\/yoast-seo-premium-wordpress\/ -->\n<title>HOLOSUN PID - Armurerie Richert<\/title>\n<meta name=\"description\" content=\"Beleuchten Sie Ihren Weg mit der Pistolenlampe HOLOSUN PID. Sie ist kompakt und leistungsstark, so dass Sie Bedrohungen im Dunkeln leicht erkennen k\u00f6nnen.\" \/>\n<meta name=\"robots\" content=\"index, follow, max-snippet:-1, max-image-preview:large, max-video-preview:-1\" \/>\n<link rel=\"canonical\" href=\"https:\/\/armurerie-richert.ch\/de\/produit\/holosun-pid\/\" \/>\n<meta property=\"og:locale\" content=\"de_DE\" \/>\n<meta property=\"og:type\" content=\"article\" \/>\n<meta property=\"og:title\" content=\"HOLOSUN PID\" \/>\n<meta property=\"og:description\" content=\"Beleuchten Sie Ihren Weg mit der Pistolenlampe HOLOSUN PID. Sie ist kompakt und leistungsstark, so dass Sie Bedrohungen im Dunkeln leicht erkennen k\u00f6nnen.\" \/>\n<meta property=\"og:url\" content=\"https:\/\/armurerie-richert.ch\/de\/produit\/holosun-pid\/\" \/>\n<meta property=\"og:site_name\" content=\"Armurerie Richert\" \/>\n<meta property=\"article:publisher\" content=\"https:\/\/www.facebook.com\/profile.php?id=100023920014088\" \/>\n<meta property=\"og:image\" content=\"https:\/\/armurerie-richert.ch\/wp-content\/uploads\/2023\/11\/pid-1.jpg\" \/>\n\t<meta property=\"og:image:width\" content=\"1920\" \/>\n\t<meta property=\"og:image:height\" content=\"1920\" \/>\n\t<meta property=\"og:image:type\" content=\"image\/jpeg\" \/>\n<meta name=\"twitter:card\" content=\"summary_large_image\" \/>\n<meta name=\"twitter:label1\" content=\"Preis\" \/>\n\t<meta name=\"twitter:data1\" content=\"&#067;&#072;&#070;&nbsp;195.00\" \/>\n\t<meta name=\"twitter:label2\" content=\"Verf\u00fcgbarkeit\" \/>\n\t<meta name=\"twitter:data2\" content=\"Auf Lager\" \/>\n<script type=\"application\/ld+json\" class=\"yoast-schema-graph\">{\"@context\":\"https:\\\/\\\/schema.org\",\"@graph\":[{\"@type\":\"WebPage\",\"@id\":\"https:\\\/\\\/armurerie-richert.ch\\\/de\\\/produit\\\/holosun-pid\\\/\",\"url\":\"https:\\\/\\\/armurerie-richert.ch\\\/de\\\/produit\\\/holosun-pid\\\/\",\"name\":\"HOLOSUN PID - Armurerie Richert\",\"isPartOf\":{\"@id\":\"https:\\\/\\\/armurerie-richert.ch\\\/de\\\/#website\"},\"primaryImageOfPage\":{\"@id\":\"https:\\\/\\\/armurerie-richert.ch\\\/de\\\/produit\\\/holosun-pid\\\/#primaryimage\"},\"image\":{\"@id\":\"https:\\\/\\\/armurerie-richert.ch\\\/de\\\/produit\\\/holosun-pid\\\/#primaryimage\"},\"thumbnailUrl\":\"https:\\\/\\\/armurerie-richert.ch\\\/wp-content\\\/uploads\\\/2023\\\/11\\\/pid-1.jpg\",\"datePublished\":\"2023-11-04T14:45:02+00:00\",\"description\":\"Beleuchten Sie Ihren Weg mit der Pistolenlampe HOLOSUN PID. Sie ist kompakt und leistungsstark, so dass Sie Bedrohungen im Dunkeln leicht erkennen k\u00f6nnen.\",\"breadcrumb\":{\"@id\":\"https:\\\/\\\/armurerie-richert.ch\\\/de\\\/produit\\\/holosun-pid\\\/#breadcrumb\"},\"inLanguage\":\"de\",\"potentialAction\":[{\"@type\":\"ReadAction\",\"target\":[\"https:\\\/\\\/armurerie-richert.ch\\\/de\\\/produit\\\/holosun-pid\\\/\"]}]},{\"@type\":\"ImageObject\",\"inLanguage\":\"de\",\"@id\":\"https:\\\/\\\/armurerie-richert.ch\\\/de\\\/produit\\\/holosun-pid\\\/#primaryimage\",\"url\":\"https:\\\/\\\/armurerie-richert.ch\\\/wp-content\\\/uploads\\\/2023\\\/11\\\/pid-1.jpg\",\"contentUrl\":\"https:\\\/\\\/armurerie-richert.ch\\\/wp-content\\\/uploads\\\/2023\\\/11\\\/pid-1.jpg\",\"width\":1920,\"height\":1920},{\"@type\":\"BreadcrumbList\",\"@id\":\"https:\\\/\\\/armurerie-richert.ch\\\/de\\\/produit\\\/holosun-pid\\\/#breadcrumb\",\"itemListElement\":[{\"@type\":\"ListItem\",\"position\":1,\"name\":\"Accueil\",\"item\":\"https:\\\/\\\/armurerie-richert.ch\\\/de\\\/startseite\\\/\"},{\"@type\":\"ListItem\",\"position\":2,\"name\":\"Shop\",\"item\":\"https:\\\/\\\/armurerie-richert.ch\\\/de\\\/shop\\\/\"},{\"@type\":\"ListItem\",\"position\":3,\"name\":\"HOLOSUN PID\"}]},{\"@type\":\"WebSite\",\"@id\":\"https:\\\/\\\/armurerie-richert.ch\\\/de\\\/#website\",\"url\":\"https:\\\/\\\/armurerie-richert.ch\\\/de\\\/\",\"name\":\"Armurerie Richert\",\"description\":\"\",\"publisher\":{\"@id\":\"https:\\\/\\\/armurerie-richert.ch\\\/de\\\/#organization\"},\"potentialAction\":[{\"@type\":\"SearchAction\",\"target\":{\"@type\":\"EntryPoint\",\"urlTemplate\":\"https:\\\/\\\/armurerie-richert.ch\\\/de\\\/?s={search_term_string}\"},\"query-input\":{\"@type\":\"PropertyValueSpecification\",\"valueRequired\":true,\"valueName\":\"search_term_string\"}}],\"inLanguage\":\"de\"},{\"@type\":\"Organization\",\"@id\":\"https:\\\/\\\/armurerie-richert.ch\\\/de\\\/#organization\",\"name\":\"Armurerie Richert\",\"url\":\"https:\\\/\\\/armurerie-richert.ch\\\/de\\\/\",\"logo\":{\"@type\":\"ImageObject\",\"inLanguage\":\"de\",\"@id\":\"https:\\\/\\\/armurerie-richert.ch\\\/de\\\/#\\\/schema\\\/logo\\\/image\\\/\",\"url\":\"https:\\\/\\\/armurerie-richert.ch\\\/wp-content\\\/uploads\\\/2023\\\/11\\\/Armurerie-Richert-Logo-300px.png\",\"contentUrl\":\"https:\\\/\\\/armurerie-richert.ch\\\/wp-content\\\/uploads\\\/2023\\\/11\\\/Armurerie-Richert-Logo-300px.png\",\"width\":300,\"height\":73,\"caption\":\"Armurerie Richert\"},\"image\":{\"@id\":\"https:\\\/\\\/armurerie-richert.ch\\\/de\\\/#\\\/schema\\\/logo\\\/image\\\/\"},\"sameAs\":[\"https:\\\/\\\/www.facebook.com\\\/profile.php?id=100023920014088\"]}]}<\/script>\n<meta property=\"product:price:amount\" content=\"195.00\" \/>\n<meta property=\"product:price:currency\" content=\"CHF\" \/>\n<meta property=\"og:availability\" content=\"instock\" \/>\n<meta property=\"product:availability\" content=\"instock\" \/>\n<meta property=\"product:condition\" content=\"new\" \/>\n<!-- \/ Yoast SEO Premium plugin. -->","yoast_head_json":{"title":"HOLOSUN PID - Armurerie Richert","description":"Beleuchten Sie Ihren Weg mit der Pistolenlampe HOLOSUN PID. Sie ist kompakt und leistungsstark, so dass Sie Bedrohungen im Dunkeln leicht erkennen k\u00f6nnen.","robots":{"index":"index","follow":"follow","max-snippet":"max-snippet:-1","max-image-preview":"max-image-preview:large","max-video-preview":"max-video-preview:-1"},"canonical":"https:\/\/armurerie-richert.ch\/de\/produit\/holosun-pid\/","og_locale":"de_DE","og_type":"article","og_title":"HOLOSUN PID","og_description":"Beleuchten Sie Ihren Weg mit der Pistolenlampe HOLOSUN PID. Sie ist kompakt und leistungsstark, so dass Sie Bedrohungen im Dunkeln leicht erkennen k\u00f6nnen.","og_url":"https:\/\/armurerie-richert.ch\/de\/produit\/holosun-pid\/","og_site_name":"Armurerie Richert","article_publisher":"https:\/\/www.facebook.com\/profile.php?id=100023920014088","og_image":[{"width":1920,"height":1920,"url":"https:\/\/armurerie-richert.ch\/wp-content\/uploads\/2023\/11\/pid-1.jpg","type":"image\/jpeg"}],"twitter_card":"summary_large_image","twitter_misc":{"Preis":"&#67;&#72;&#70;&nbsp;195.00","Verf\u00fcgbarkeit":"Auf Lager"},"schema":{"@context":"https:\/\/schema.org","@graph":[{"@type":"WebPage","@id":"https:\/\/armurerie-richert.ch\/de\/produit\/holosun-pid\/","url":"https:\/\/armurerie-richert.ch\/de\/produit\/holosun-pid\/","name":"HOLOSUN PID - Armurerie Richert","isPartOf":{"@id":"https:\/\/armurerie-richert.ch\/de\/#website"},"primaryImageOfPage":{"@id":"https:\/\/armurerie-richert.ch\/de\/produit\/holosun-pid\/#primaryimage"},"image":{"@id":"https:\/\/armurerie-richert.ch\/de\/produit\/holosun-pid\/#primaryimage"},"thumbnailUrl":"https:\/\/armurerie-richert.ch\/wp-content\/uploads\/2023\/11\/pid-1.jpg","datePublished":"2023-11-04T14:45:02+00:00","description":"Beleuchten Sie Ihren Weg mit der Pistolenlampe HOLOSUN PID. Sie ist kompakt und leistungsstark, so dass Sie Bedrohungen im Dunkeln leicht erkennen k\u00f6nnen.","breadcrumb":{"@id":"https:\/\/armurerie-richert.ch\/de\/produit\/holosun-pid\/#breadcrumb"},"inLanguage":"de","potentialAction":[{"@type":"ReadAction","target":["https:\/\/armurerie-richert.ch\/de\/produit\/holosun-pid\/"]}]},{"@type":"ImageObject","inLanguage":"de","@id":"https:\/\/armurerie-richert.ch\/de\/produit\/holosun-pid\/#primaryimage","url":"https:\/\/armurerie-richert.ch\/wp-content\/uploads\/2023\/11\/pid-1.jpg","contentUrl":"https:\/\/armurerie-richert.ch\/wp-content\/uploads\/2023\/11\/pid-1.jpg","width":1920,"height":1920},{"@type":"BreadcrumbList","@id":"https:\/\/armurerie-richert.ch\/de\/produit\/holosun-pid\/#breadcrumb","itemListElement":[{"@type":"ListItem","position":1,"name":"Accueil","item":"https:\/\/armurerie-richert.ch\/de\/startseite\/"},{"@type":"ListItem","position":2,"name":"Shop","item":"https:\/\/armurerie-richert.ch\/de\/shop\/"},{"@type":"ListItem","position":3,"name":"HOLOSUN PID"}]},{"@type":"WebSite","@id":"https:\/\/armurerie-richert.ch\/de\/#website","url":"https:\/\/armurerie-richert.ch\/de\/","name":"Armurerie Richert","description":"","publisher":{"@id":"https:\/\/armurerie-richert.ch\/de\/#organization"},"potentialAction":[{"@type":"SearchAction","target":{"@type":"EntryPoint","urlTemplate":"https:\/\/armurerie-richert.ch\/de\/?s={search_term_string}"},"query-input":{"@type":"PropertyValueSpecification","valueRequired":true,"valueName":"search_term_string"}}],"inLanguage":"de"},{"@type":"Organization","@id":"https:\/\/armurerie-richert.ch\/de\/#organization","name":"Armurerie Richert","url":"https:\/\/armurerie-richert.ch\/de\/","logo":{"@type":"ImageObject","inLanguage":"de","@id":"https:\/\/armurerie-richert.ch\/de\/#\/schema\/logo\/image\/","url":"https:\/\/armurerie-richert.ch\/wp-content\/uploads\/2023\/11\/Armurerie-Richert-Logo-300px.png","contentUrl":"https:\/\/armurerie-richert.ch\/wp-content\/uploads\/2023\/11\/Armurerie-Richert-Logo-300px.png","width":300,"height":73,"caption":"Armurerie Richert"},"image":{"@id":"https:\/\/armurerie-richert.ch\/de\/#\/schema\/logo\/image\/"},"sameAs":["https:\/\/www.facebook.com\/profile.php?id=100023920014088"]}]},"product_price_amount":"195.00","product_price_currency":"CHF","og_availability":"instock","product_availability":"instock","product_condition":"new"},"_links":{"self":[{"href":"https:\/\/armurerie-richert.ch\/de\/wp-json\/wp\/v2\/product\/35470","targetHints":{"allow":["GET"]}}],"collection":[{"href":"https:\/\/armurerie-richert.ch\/de\/wp-json\/wp\/v2\/product"}],"about":[{"href":"https:\/\/armurerie-richert.ch\/de\/wp-json\/wp\/v2\/types\/product"}],"wp:featuredmedia":[{"embeddable":true,"href":"https:\/\/armurerie-richert.ch\/de\/wp-json\/wp\/v2\/media\/32270"}],"wp:attachment":[{"href":"https:\/\/armurerie-richert.ch\/de\/wp-json\/wp\/v2\/media?parent=35470"}],"wp:term":[{"taxonomy":"product_brand","embeddable":true,"href":"https:\/\/armurerie-richert.ch\/de\/wp-json\/wp\/v2\/product_brand?post=35470"},{"taxonomy":"product_cat","embeddable":true,"href":"https:\/\/armurerie-richert.ch\/de\/wp-json\/wp\/v2\/product_cat?post=35470"},{"taxonomy":"product_tag","embeddable":true,"href":"https:\/\/armurerie-richert.ch\/de\/wp-json\/wp\/v2\/product_tag?post=35470"}],"curies":[{"name":"wp","href":"https:\/\/api.w.org\/{rel}","templated":true}]}}