{"id":35471,"date":"2023-11-04T15:30:07","date_gmt":"2023-11-04T14:30:07","guid":{"rendered":"https:\/\/armurerie-richert.ch\/produit\/taran-john-wick-4-pit-viper\/"},"modified":"2023-11-04T15:30:07","modified_gmt":"2023-11-04T14:30:07","slug":"taran-john-wick-4-pit-viper","status":"publish","type":"product","link":"https:\/\/armurerie-richert.ch\/de\/produit\/taran-john-wick-4-pit-viper\/","title":{"rendered":"TARAN John Wick 4 PIT VIPER"},"content":{"rendered":"<h3>TARAN John Wick 4 PIT VIPER<\/h3>\n<p>Ein Modell soll im Fr\u00fchjahr 2024 verf\u00fcgbar sein&#8230;.. Die Pit Viper wurde speziell f\u00fcr die schlimmsten M\u00f6rder entworfen, um die ultimative Kampfpistole zu sein. Diese Waffe ist nicht nur darauf ausgelegt, die Krone f\u00fcr die sch\u00e4rfste Handfeuerwaffe in der Geschichte Hollywoods zu erringen, Taran hat sie auch dazu bestimmt, den Gesamttitel bei den ersten USPSA 2-Gun Nationals im Jahr 2021 zu erringen. Die Pit Viper wurde vor der Sand Viper entworfen, musste aber bis jetzt im Dunkeln bleiben, um zuzuschlagen. Die <strong>Pit Viper<\/strong> lie\u00df ihre Schwester ins Rampenlicht treten, die die Industrie komplett in Brand setzte, ohne dass ein Hollywood-Film hinter ihr lag&#8230; (noch) Wie bei der Sand Viper wurde bei der Herstellung dieses Schlangenf\u00e4ngers keine Kompromisse eingegangen. Mit einem eingebauten statischen Glasfaser-Frontsichtger\u00e4t, einem Einzelport-Kompensator, einem verstellbaren Ghost-Profil-Hecksichtger\u00e4t, dem Extreme Engineering LiteSpeed Fire Control System, Aftec Extractor und einem nahtlos integrierten Griffsicherheitssystem bietet sie Zuverl\u00e4ssigkeit, Genauigkeit und Ergonomie wie keine andere. Dies ist die ultimative Handgun.<\/p>\n<ul>\n<li>5 Inch Large Single Port Compensator With DLC Coated Match Grade Barrel<\/li>\n<li>Pr\u00e4zisionsschnitt<\/li>\n<li>Traditional Full Wrap Stipple (Not silicon carbide)<\/li>\n<li>Schwarze DLC-Beschichtung auf Rahmen und hochglanzpoliertem Slide<\/li>\n<li>Extreme Engineering Fire Control Group (Lite Speed Hammer, Ultra Low Mass Sear, Match Disconnector und Titanium Hammer Strut)<\/li>\n<li>Aftec Extractor<\/li>\n<li>TTI Carry Magwell<\/li>\n<li>Erweiterte Dia-Release<\/li>\n<li>Extended Checkered Mag release<\/li>\n<li>1.75-2.25 LBS Trigger Pull<\/li>\n<li>Stainless Steel Guide Rod<\/li>\n<li>Ultimate Ergonomic Beavertail and Safety Fit<\/li>\n<li>Ambidextrous Blended Safety<\/li>\n<li>Accessory Rail Cut<\/li>\n<li>DLC Coated Steel Checkered Mainspring Housing<\/li>\n<li>Erweiterter Firing Pin<\/li>\n<li>TTI Grip Job<\/li>\n<li>Built in Bladed Stand-Off (Fangs)<\/li>\n<li>Inklusive drei 126mm ausgef\u00fcllte Magazine (zwei 126mm mit 7mm Basis-Pads und ein 126mm mit 3mm Basis-Pad)<\/li>\n<\/ul>\n","protected":false},"excerpt":{"rendered":"<p>Die Pit Viper wurde speziell f\u00fcr die schlimmsten M\u00f6rder entwickelt, um die Spitze der Kampfpistole zu sein. Nicht nur, dass diese Waffe die Krone f\u00fcr die sch\u00e4rfste Handfeuerwaffe in der Geschichte Hollywoods erringen soll, Taran hat sie auch f\u00fcr den Gesamttitel bei den ersten USPSA 2-Gun Nationals im Jahr 2021 vorgesehen. Die Pit Viper wurde vor der Sand Viper entworfen, musste aber bis jetzt im Dunkeln bleiben, um zuzuschlagen. Die <strong>Pit Viper<\/strong> lie\u00df ihre Schwester ins Rampenlicht treten, die die Branche komplett in Brand setzte, ohne dass ein Hollywood-Film hinter ihr lag&#8230; (noch) Wie bei der Sand Viper wurde bei diesem Schlangenf\u00e4nger keine Kompromisse eingegangen. Mit einem eingebauten statischen Glasfaser-Frontsichtger\u00e4t, einem Einzelport-Kompensator, einem verstellbaren Ghost-Profil-Hecksichtger\u00e4t, dem Extreme Engineering LiteSpeed Fire Control System, Aftec Extractor und einem nahtlos integrierten Griffsicherheitssystem bietet sie Zuverl\u00e4ssigkeit, Genauigkeit und Ergonomie wie keine andere. Dies ist die ultimative Handgun.   <\/p>\n<ul>\n<li>5 Inch Large Single Port Compensator With DLC Coated Match Grade Barrel<\/li>\n<li>Pr\u00e4zisionsschnitt<\/li>\n<li>Traditional Full Wrap Stipple (Not silicon carbide)<\/li>\n<li>Schwarze DLC-Beschichtung auf Rahmen und hochglanzpoliertem Slide<\/li>\n<li>Extreme Engineering Fire Control Group (Lite Speed Hammer, Ultra Low Mass Sear, Match Disconnector und Titanium Hammer Strut)<\/li>\n<li>Aftec Extractor<\/li>\n<li>TTI Carry Magwell<\/li>\n<li>Erweiterte Dia-Release<\/li>\n<li>Extended Checkered Mag release<\/li>\n<li>1.75-2.25 LBS Trigger Pull<\/li>\n<li>Stainless Steel Guide Rod<\/li>\n<li>Ultimate Ergonomic Beavertail and Safety Fit<\/li>\n<li>Ambidextrous Blended Safety<\/li>\n<li>Accessory Rail Cut<\/li>\n<li>DLC Coated Steel Checkered Mainspring Housing<\/li>\n<li>Erweiterter Firing Pin<\/li>\n<li>TTI Grip Job<\/li>\n<li>Built in Bladed Stand-Off (Fangs)<\/li>\n<li>Inklusive drei 126mm ausgef\u00fcllte Magazine (zwei 126mm mit 7mm Basis-Pads und ein 126mm mit 3mm Basis-Pad)<\/li>\n<\/ul>\n","protected":false},"featured_media":32255,"template":"","meta":{"_et_pb_use_builder":"","_et_pb_old_content":"","_et_gb_content_width":""},"product_brand":[],"product_cat":[79,77],"product_tag":[],"class_list":{"0":"post-35471","1":"product","2":"type-product","3":"status-publish","4":"has-post-thumbnail","6":"product_cat-handfeuerwaffen","7":"product_cat-neue-waffen","9":"first","10":"instock","11":"shipping-taxable","12":"purchasable","13":"product-type-simple"},"yoast_head":"<!-- This site is optimized with the Yoast SEO Premium plugin v24.7 (Yoast SEO v27.5) - https:\/\/yoast.com\/product\/yoast-seo-premium-wordpress\/ -->\n<title>TARAN John Wick 4 PIT VIPER - Armurerie Richert<\/title>\n<meta name=\"description\" content=\"Die Pit Viper, die ultimative Kampfpistole, die von Taran Tactical f\u00fcr den Film John Wick 4 entworfen wurde. In K\u00fcrze erh\u00e4ltlich. Bereiten Sie sich darauf vor, zu dominieren!\" \/>\n<meta name=\"robots\" content=\"index, follow, max-snippet:-1, max-image-preview:large, max-video-preview:-1\" \/>\n<link rel=\"canonical\" href=\"https:\/\/armurerie-richert.ch\/de\/produit\/taran-john-wick-4-pit-viper\/\" \/>\n<meta property=\"og:locale\" content=\"de_DE\" \/>\n<meta property=\"og:type\" content=\"article\" \/>\n<meta property=\"og:title\" content=\"TARAN John Wick 4 PIT VIPER\" \/>\n<meta property=\"og:description\" content=\"Die Pit Viper, die ultimative Kampfpistole, die von Taran Tactical f\u00fcr den Film John Wick 4 entworfen wurde. In K\u00fcrze erh\u00e4ltlich. Bereiten Sie sich darauf vor, zu dominieren!\" \/>\n<meta property=\"og:url\" content=\"https:\/\/armurerie-richert.ch\/de\/produit\/taran-john-wick-4-pit-viper\/\" \/>\n<meta property=\"og:site_name\" content=\"Armurerie Richert\" \/>\n<meta property=\"article:publisher\" content=\"https:\/\/www.facebook.com\/profile.php?id=100023920014088\" \/>\n<meta property=\"og:image\" content=\"https:\/\/armurerie-richert.ch\/wp-content\/uploads\/2023\/11\/Taran-pit-Viper-John-Wick.jpg\" \/>\n\t<meta property=\"og:image:width\" content=\"1920\" \/>\n\t<meta property=\"og:image:height\" content=\"1920\" \/>\n\t<meta property=\"og:image:type\" content=\"image\/jpeg\" \/>\n<meta name=\"twitter:card\" content=\"summary_large_image\" \/>\n<meta name=\"twitter:label1\" content=\"Preis\" \/>\n\t<meta name=\"twitter:data1\" content=\"&#067;&#072;&#070;&nbsp;9&#039;990.00\" \/>\n\t<meta name=\"twitter:label2\" content=\"Verf\u00fcgbarkeit\" \/>\n\t<meta name=\"twitter:data2\" content=\"Auf Lager\" \/>\n<script type=\"application\/ld+json\" class=\"yoast-schema-graph\">{\"@context\":\"https:\\\/\\\/schema.org\",\"@graph\":[{\"@type\":\"WebPage\",\"@id\":\"https:\\\/\\\/armurerie-richert.ch\\\/de\\\/produit\\\/taran-john-wick-4-pit-viper\\\/\",\"url\":\"https:\\\/\\\/armurerie-richert.ch\\\/de\\\/produit\\\/taran-john-wick-4-pit-viper\\\/\",\"name\":\"TARAN John Wick 4 PIT VIPER - Armurerie Richert\",\"isPartOf\":{\"@id\":\"https:\\\/\\\/armurerie-richert.ch\\\/de\\\/#website\"},\"primaryImageOfPage\":{\"@id\":\"https:\\\/\\\/armurerie-richert.ch\\\/de\\\/produit\\\/taran-john-wick-4-pit-viper\\\/#primaryimage\"},\"image\":{\"@id\":\"https:\\\/\\\/armurerie-richert.ch\\\/de\\\/produit\\\/taran-john-wick-4-pit-viper\\\/#primaryimage\"},\"thumbnailUrl\":\"https:\\\/\\\/armurerie-richert.ch\\\/wp-content\\\/uploads\\\/2023\\\/11\\\/Taran-pit-Viper-John-Wick.jpg\",\"datePublished\":\"2023-11-04T14:30:07+00:00\",\"description\":\"Die Pit Viper, die ultimative Kampfpistole, die von Taran Tactical f\u00fcr den Film John Wick 4 entworfen wurde. In K\u00fcrze erh\u00e4ltlich. Bereiten Sie sich darauf vor, zu dominieren!\",\"breadcrumb\":{\"@id\":\"https:\\\/\\\/armurerie-richert.ch\\\/de\\\/produit\\\/taran-john-wick-4-pit-viper\\\/#breadcrumb\"},\"inLanguage\":\"de\",\"potentialAction\":[{\"@type\":\"ReadAction\",\"target\":[\"https:\\\/\\\/armurerie-richert.ch\\\/de\\\/produit\\\/taran-john-wick-4-pit-viper\\\/\"]}]},{\"@type\":\"ImageObject\",\"inLanguage\":\"de\",\"@id\":\"https:\\\/\\\/armurerie-richert.ch\\\/de\\\/produit\\\/taran-john-wick-4-pit-viper\\\/#primaryimage\",\"url\":\"https:\\\/\\\/armurerie-richert.ch\\\/wp-content\\\/uploads\\\/2023\\\/11\\\/Taran-pit-Viper-John-Wick.jpg\",\"contentUrl\":\"https:\\\/\\\/armurerie-richert.ch\\\/wp-content\\\/uploads\\\/2023\\\/11\\\/Taran-pit-Viper-John-Wick.jpg\",\"width\":1920,\"height\":1920},{\"@type\":\"BreadcrumbList\",\"@id\":\"https:\\\/\\\/armurerie-richert.ch\\\/de\\\/produit\\\/taran-john-wick-4-pit-viper\\\/#breadcrumb\",\"itemListElement\":[{\"@type\":\"ListItem\",\"position\":1,\"name\":\"Accueil\",\"item\":\"https:\\\/\\\/armurerie-richert.ch\\\/de\\\/startseite\\\/\"},{\"@type\":\"ListItem\",\"position\":2,\"name\":\"Shop\",\"item\":\"https:\\\/\\\/armurerie-richert.ch\\\/de\\\/shop\\\/\"},{\"@type\":\"ListItem\",\"position\":3,\"name\":\"TARAN John Wick 4 PIT VIPER\"}]},{\"@type\":\"WebSite\",\"@id\":\"https:\\\/\\\/armurerie-richert.ch\\\/de\\\/#website\",\"url\":\"https:\\\/\\\/armurerie-richert.ch\\\/de\\\/\",\"name\":\"Armurerie Richert\",\"description\":\"\",\"publisher\":{\"@id\":\"https:\\\/\\\/armurerie-richert.ch\\\/de\\\/#organization\"},\"potentialAction\":[{\"@type\":\"SearchAction\",\"target\":{\"@type\":\"EntryPoint\",\"urlTemplate\":\"https:\\\/\\\/armurerie-richert.ch\\\/de\\\/?s={search_term_string}\"},\"query-input\":{\"@type\":\"PropertyValueSpecification\",\"valueRequired\":true,\"valueName\":\"search_term_string\"}}],\"inLanguage\":\"de\"},{\"@type\":\"Organization\",\"@id\":\"https:\\\/\\\/armurerie-richert.ch\\\/de\\\/#organization\",\"name\":\"Armurerie Richert\",\"url\":\"https:\\\/\\\/armurerie-richert.ch\\\/de\\\/\",\"logo\":{\"@type\":\"ImageObject\",\"inLanguage\":\"de\",\"@id\":\"https:\\\/\\\/armurerie-richert.ch\\\/de\\\/#\\\/schema\\\/logo\\\/image\\\/\",\"url\":\"https:\\\/\\\/armurerie-richert.ch\\\/wp-content\\\/uploads\\\/2023\\\/11\\\/Armurerie-Richert-Logo-300px.png\",\"contentUrl\":\"https:\\\/\\\/armurerie-richert.ch\\\/wp-content\\\/uploads\\\/2023\\\/11\\\/Armurerie-Richert-Logo-300px.png\",\"width\":300,\"height\":73,\"caption\":\"Armurerie Richert\"},\"image\":{\"@id\":\"https:\\\/\\\/armurerie-richert.ch\\\/de\\\/#\\\/schema\\\/logo\\\/image\\\/\"},\"sameAs\":[\"https:\\\/\\\/www.facebook.com\\\/profile.php?id=100023920014088\"]}]}<\/script>\n<meta property=\"product:price:amount\" content=\"9990.00\" \/>\n<meta property=\"product:price:currency\" content=\"CHF\" \/>\n<meta property=\"og:availability\" content=\"instock\" \/>\n<meta property=\"product:availability\" content=\"instock\" \/>\n<meta property=\"product:condition\" content=\"new\" \/>\n<!-- \/ Yoast SEO Premium plugin. -->","yoast_head_json":{"title":"TARAN John Wick 4 PIT VIPER - Armurerie Richert","description":"Die Pit Viper, die ultimative Kampfpistole, die von Taran Tactical f\u00fcr den Film John Wick 4 entworfen wurde. In K\u00fcrze erh\u00e4ltlich. Bereiten Sie sich darauf vor, zu dominieren!","robots":{"index":"index","follow":"follow","max-snippet":"max-snippet:-1","max-image-preview":"max-image-preview:large","max-video-preview":"max-video-preview:-1"},"canonical":"https:\/\/armurerie-richert.ch\/de\/produit\/taran-john-wick-4-pit-viper\/","og_locale":"de_DE","og_type":"article","og_title":"TARAN John Wick 4 PIT VIPER","og_description":"Die Pit Viper, die ultimative Kampfpistole, die von Taran Tactical f\u00fcr den Film John Wick 4 entworfen wurde. In K\u00fcrze erh\u00e4ltlich. Bereiten Sie sich darauf vor, zu dominieren!","og_url":"https:\/\/armurerie-richert.ch\/de\/produit\/taran-john-wick-4-pit-viper\/","og_site_name":"Armurerie Richert","article_publisher":"https:\/\/www.facebook.com\/profile.php?id=100023920014088","og_image":[{"width":1920,"height":1920,"url":"https:\/\/armurerie-richert.ch\/wp-content\/uploads\/2023\/11\/Taran-pit-Viper-John-Wick.jpg","type":"image\/jpeg"}],"twitter_card":"summary_large_image","twitter_misc":{"Preis":"&#67;&#72;&#70;&nbsp;9'990.00","Verf\u00fcgbarkeit":"Auf Lager"},"schema":{"@context":"https:\/\/schema.org","@graph":[{"@type":"WebPage","@id":"https:\/\/armurerie-richert.ch\/de\/produit\/taran-john-wick-4-pit-viper\/","url":"https:\/\/armurerie-richert.ch\/de\/produit\/taran-john-wick-4-pit-viper\/","name":"TARAN John Wick 4 PIT VIPER - Armurerie Richert","isPartOf":{"@id":"https:\/\/armurerie-richert.ch\/de\/#website"},"primaryImageOfPage":{"@id":"https:\/\/armurerie-richert.ch\/de\/produit\/taran-john-wick-4-pit-viper\/#primaryimage"},"image":{"@id":"https:\/\/armurerie-richert.ch\/de\/produit\/taran-john-wick-4-pit-viper\/#primaryimage"},"thumbnailUrl":"https:\/\/armurerie-richert.ch\/wp-content\/uploads\/2023\/11\/Taran-pit-Viper-John-Wick.jpg","datePublished":"2023-11-04T14:30:07+00:00","description":"Die Pit Viper, die ultimative Kampfpistole, die von Taran Tactical f\u00fcr den Film John Wick 4 entworfen wurde. In K\u00fcrze erh\u00e4ltlich. Bereiten Sie sich darauf vor, zu dominieren!","breadcrumb":{"@id":"https:\/\/armurerie-richert.ch\/de\/produit\/taran-john-wick-4-pit-viper\/#breadcrumb"},"inLanguage":"de","potentialAction":[{"@type":"ReadAction","target":["https:\/\/armurerie-richert.ch\/de\/produit\/taran-john-wick-4-pit-viper\/"]}]},{"@type":"ImageObject","inLanguage":"de","@id":"https:\/\/armurerie-richert.ch\/de\/produit\/taran-john-wick-4-pit-viper\/#primaryimage","url":"https:\/\/armurerie-richert.ch\/wp-content\/uploads\/2023\/11\/Taran-pit-Viper-John-Wick.jpg","contentUrl":"https:\/\/armurerie-richert.ch\/wp-content\/uploads\/2023\/11\/Taran-pit-Viper-John-Wick.jpg","width":1920,"height":1920},{"@type":"BreadcrumbList","@id":"https:\/\/armurerie-richert.ch\/de\/produit\/taran-john-wick-4-pit-viper\/#breadcrumb","itemListElement":[{"@type":"ListItem","position":1,"name":"Accueil","item":"https:\/\/armurerie-richert.ch\/de\/startseite\/"},{"@type":"ListItem","position":2,"name":"Shop","item":"https:\/\/armurerie-richert.ch\/de\/shop\/"},{"@type":"ListItem","position":3,"name":"TARAN John Wick 4 PIT VIPER"}]},{"@type":"WebSite","@id":"https:\/\/armurerie-richert.ch\/de\/#website","url":"https:\/\/armurerie-richert.ch\/de\/","name":"Armurerie Richert","description":"","publisher":{"@id":"https:\/\/armurerie-richert.ch\/de\/#organization"},"potentialAction":[{"@type":"SearchAction","target":{"@type":"EntryPoint","urlTemplate":"https:\/\/armurerie-richert.ch\/de\/?s={search_term_string}"},"query-input":{"@type":"PropertyValueSpecification","valueRequired":true,"valueName":"search_term_string"}}],"inLanguage":"de"},{"@type":"Organization","@id":"https:\/\/armurerie-richert.ch\/de\/#organization","name":"Armurerie Richert","url":"https:\/\/armurerie-richert.ch\/de\/","logo":{"@type":"ImageObject","inLanguage":"de","@id":"https:\/\/armurerie-richert.ch\/de\/#\/schema\/logo\/image\/","url":"https:\/\/armurerie-richert.ch\/wp-content\/uploads\/2023\/11\/Armurerie-Richert-Logo-300px.png","contentUrl":"https:\/\/armurerie-richert.ch\/wp-content\/uploads\/2023\/11\/Armurerie-Richert-Logo-300px.png","width":300,"height":73,"caption":"Armurerie Richert"},"image":{"@id":"https:\/\/armurerie-richert.ch\/de\/#\/schema\/logo\/image\/"},"sameAs":["https:\/\/www.facebook.com\/profile.php?id=100023920014088"]}]},"product_price_amount":"9990.00","product_price_currency":"CHF","og_availability":"instock","product_availability":"instock","product_condition":"new"},"_links":{"self":[{"href":"https:\/\/armurerie-richert.ch\/de\/wp-json\/wp\/v2\/product\/35471","targetHints":{"allow":["GET"]}}],"collection":[{"href":"https:\/\/armurerie-richert.ch\/de\/wp-json\/wp\/v2\/product"}],"about":[{"href":"https:\/\/armurerie-richert.ch\/de\/wp-json\/wp\/v2\/types\/product"}],"wp:featuredmedia":[{"embeddable":true,"href":"https:\/\/armurerie-richert.ch\/de\/wp-json\/wp\/v2\/media\/32255"}],"wp:attachment":[{"href":"https:\/\/armurerie-richert.ch\/de\/wp-json\/wp\/v2\/media?parent=35471"}],"wp:term":[{"taxonomy":"product_brand","embeddable":true,"href":"https:\/\/armurerie-richert.ch\/de\/wp-json\/wp\/v2\/product_brand?post=35471"},{"taxonomy":"product_cat","embeddable":true,"href":"https:\/\/armurerie-richert.ch\/de\/wp-json\/wp\/v2\/product_cat?post=35471"},{"taxonomy":"product_tag","embeddable":true,"href":"https:\/\/armurerie-richert.ch\/de\/wp-json\/wp\/v2\/product_tag?post=35471"}],"curies":[{"name":"wp","href":"https:\/\/api.w.org\/{rel}","templated":true}]}}