{"id":35474,"date":"2023-11-04T15:39:04","date_gmt":"2023-11-04T14:39:04","guid":{"rendered":"https:\/\/armurerie-richert.ch\/produit\/airborne-geronimo-entspannung-fuer-ar15\/"},"modified":"2023-11-04T15:39:04","modified_gmt":"2023-11-04T14:39:04","slug":"airborne-geronimo-entspannung-fuer-ar15","status":"publish","type":"product","link":"https:\/\/armurerie-richert.ch\/de\/produit\/airborne-geronimo-entspannung-fuer-ar15\/","title":{"rendered":"AIRBORNE Geronimo Entspannung f\u00fcr AR15"},"content":{"rendered":"<h3>AIRBORNE Geronimo Entspannung f\u00fcr AR15<\/h3>\n<p>Das Geronimo Trigger System ist ein pr\u00e4zises, bodennahes, einstufiges Triggersystem mit null Aussetzern, einem knackigen Break und einem schnellen und positiven Reset. Die patentierte MSaT Technologie erm\u00f6glicht eine weitere Stufe der Anpassung, die dem Sch\u00fctzen die M\u00f6glichkeit gibt, die Form und Lage seines Triggerpunktes zu ver\u00e4ndern. Jedes Geronimo Triggersystem wurde vor der Zeit mit Draht-EDM geschnitten, gestanzt und handgefertigt, was die Installation zu einer einfachen Plug-and-Play-Angelegenheit macht, bei der keine zus\u00e4tzlichen Anpassungen erforderlich sind, um eine optimale Leistung zu erzielen. Die Trigger-\/Hammer-\/Disconnector-Komponenten sind aus geh\u00e4rtetem A2-Werkzeugstahl gefertigt, um eine langlebige Leistung zu gew\u00e4hrleisten, die auch bei l\u00e4ngerem Gebrauch nicht verschlei\u00dft oder sich rundet. Dieses Paket enth\u00e4lt auch einen Satz AA Max-Durchmesser Titanium Anti-Walk Pins, die sicherstellen, dass es keine L\u00fccke zwischen Ihrem Empf\u00e4nger und dem Geronimo Trigger System gibt. Sowohl das AA Ultra-Light als auch das Reliable Light Spring Kit sind enthalten und bieten Ihnen entweder ein 3lb oder 4lb Trigger Pull-Gewicht und die M\u00f6glichkeit, alle Arten von Munition \u00fcber mehrere AR-style Plattformen zu schie\u00dfen. W\u00e4hrend das Geronimo Trigger System von Grund auf entworfen wurde, um Spitzenleistung zu bieten, wurden die Sear-Interaktion und die Hammer-Reset-Schnittstelle nach dem bew\u00e4hrten USGI M16\/M4 Feuerkontrolldesign entworfen, was sicherstellt, dass die Installation, Wartung und Zuverl\u00e4ssigkeit des Geronimo Trigger Systems ein bew\u00e4hrter Gewinner ist.      <\/p>\n<p><strong>Features:<\/strong><\/p>\n<ul>\n<li>Curved\/Extended Trigger Shoe mit Ambi-Chamfers und No-Slip Texturing<\/li>\n<li>Single Stage Trigger mit Nulldurchgang, einer scharfen Pause und einem schnellen positiven Reset<\/li>\n<li>A2 Tool Steel Hammer\/Trigger\/Disconnector precision EDM-cut, ground, and hand fit<\/li>\n<li>Handverstopfter \u00dcberlandbeseitiger<\/li>\n<li>Patentierte MSaT Auswechselbare Trigger-Schuhplatte<\/li>\n<li>Austauschbare Springsets passen sich von einem Pull-Gewicht von 3 bis 4 lb an.<\/li>\n<li>AA Max Diameter Titanium Anti-Walk Pins<\/li>\n<li>Ultra-Light 1.8 ounces assembled weight including pins<\/li>\n<li>Arbeitet mit den Plattformen AR15, AR10 und AR9.<\/li>\n<li>Veteran Owned, American Made<\/li>\n<\/ul>\n<p><strong>Includes:<\/strong><\/p>\n<ul>\n<li>Curved\/Extended Trigger Schuh mit Ambi-Chamfers und rutschfester Texturierung. Hergestellt aus 7075 T6 Aircraft Grade Aluminum. <\/li>\n<li>Lightweight Race Hammer aus geh\u00e4rtetem A2 Werkzeugstahl<\/li>\n<li>MSaT Trigger body made of hardened A2 Tool Steel with hand-ground overtravel pin<\/li>\n<li>Draht EDM&#8217;d skelettierter Trennschalter aus A2 Werkzeug geh\u00e4rtetem Stahl und poliert.<\/li>\n<li>Airborne Arms Max-diameter Titanium Anti Walk Pins<\/li>\n<li>3-3.5 lb Ultra-Light Pull Hammer Spring (Yellow), 3.5-4lb Reliable-Light Hammer Spring (Black), Lightweight Trigger Spring (Black), Disconnector spring (Green)<\/li>\n<li>Set Screw, Drift Pin, Allen Wrench, Torx Wrench, and instructions included<\/li>\n<\/ul>\n","protected":false},"excerpt":{"rendered":"<p>Das Geronimo Trigger System ist ein pr\u00e4zises, bodennahes, einstufiges Triggersystem mit null Aussetzern, einem knackigen Break und einem schnellen und positiven Reset. Die patentierte MSaT Technologie erm\u00f6glicht eine weitere Stufe der Anpassung, die dem Sch\u00fctzen die M\u00f6glichkeit gibt, die Form und Lage seines Triggerpunktes zu ver\u00e4ndern. Jedes Geronimo Triggersystem wurde vor der Zeit mit Draht-EDM geschnitten, gestanzt und handgefertigt, was die Installation zu einer einfachen Plug-and-Play-Angelegenheit macht, bei der keine zus\u00e4tzlichen Anpassungen erforderlich sind, um eine optimale Leistung zu erzielen. Die Trigger-\/Hammer-\/Disconnector-Komponenten sind aus geh\u00e4rtetem A2-Werkzeugstahl gefertigt, um eine langlebige Leistung zu gew\u00e4hrleisten, die auch bei l\u00e4ngerem Gebrauch nicht verschlei\u00dft oder sich rundet. Dieses Paket enth\u00e4lt auch einen Satz AA Max-Durchmesser Titanium Anti-Walk Pins, die sicherstellen, dass es keine L\u00fccke zwischen Ihrem Empf\u00e4nger und dem Geronimo Trigger System gibt. Sowohl das AA Ultra-Light als auch das Reliable Light Spring Kit sind enthalten und bieten Ihnen entweder ein 3lb oder 4lb Trigger Pull-Gewicht und die M\u00f6glichkeit, alle Arten von Munition \u00fcber mehrere AR-style Plattformen zu schie\u00dfen. W\u00e4hrend das Geronimo Trigger System von Grund auf entworfen wurde, um Spitzenleistung zu bieten, wurden die Sear-Interaktion und die Hammer-Reset-Schnittstelle nach dem bew\u00e4hrten USGI M16\/M4 Feuerkontrolldesign entworfen, was sicherstellt, dass die Installation, Wartung und Zuverl\u00e4ssigkeit des Geronimo Trigger Systems ein bew\u00e4hrter Gewinner ist.      <\/p>\n<p><strong>Features:<\/strong><\/p>\n<ul>\n<li>Curved\/Extended Trigger Shoe mit Ambi-Chamfers und No-Slip Texturing<\/li>\n<li>Single Stage Trigger mit Nulldurchgang, einer scharfen Pause und einem schnellen positiven Reset.<\/li>\n<li>A2 Tool Steel Hammer\/Trigger\/Disconnector precision EDM-cut, ground, and hand fit<\/li>\n<li>Handverstopfter \u00dcberlandbeseitiger<\/li>\n<li>Patentierte MSaT Auswechselbare Trigger-Schuhplatte<\/li>\n<li>Austauschbare Springsets passen sich von einem Pull-Gewicht von 3 bis 4 lb an.<\/li>\n<li>AA Max Diameter Titanium Anti-Walk Pins<\/li>\n<li>Ultra-Light 1.8 ounces assembled weight including pins<\/li>\n<li>Arbeitet mit den Plattformen AR15, AR10 und AR9.<\/li>\n<li>Veteran Owned, American Made<\/li>\n<\/ul>\n<p><strong>Includes:<\/strong><\/p>\n<ul>\n<li>Curved\/Extended Trigger Schuh mit Ambi-Chamfers und rutschfester Texturierung. Hergestellt aus 7075 T6 Aircraft Grade Aluminum. <\/li>\n<li>Lightweight Race Hammer aus geh\u00e4rtetem A2 Werkzeugstahl<\/li>\n<li>MSaT Trigger body made of hardened A2 Tool Steel with hand-ground overtravel pin<\/li>\n<li>Wire EDM&#8217;d skeletonized disconnector aus A2 Werkzeug geh\u00e4rtetem Stahl und poliert<\/li>\n<li>Airborne Arms Max-diameter Titanium Anti Walk Pins<\/li>\n<li>3-3.5 lb Ultra-Light Pull Hammer Spring (Yellow), 3.5-4lb Reliable-Light Hammer Spring (Black), Lightweight Trigger Spring (Black), Disconnector spring (Green)<\/li>\n<li>Set Screw, Drift Pin, Allen Wrench, Torx Wrench, and instructions included<\/li>\n<\/ul>\n","protected":false},"featured_media":32264,"template":"","meta":{"_et_pb_use_builder":"","_et_pb_old_content":"","_et_gb_content_width":""},"product_brand":[],"product_cat":[66,65],"product_tag":[],"class_list":{"0":"post-35474","1":"product","2":"type-product","3":"status-publish","4":"has-post-thumbnail","6":"product_cat-zubehor-fur-gewehre","7":"product_cat-zubehor-und-optik","9":"first","10":"instock","11":"shipping-taxable","12":"purchasable","13":"product-type-simple"},"yoast_head":"<!-- This site is optimized with the Yoast SEO Premium plugin v24.7 (Yoast SEO v27.5) - https:\/\/yoast.com\/product\/yoast-seo-premium-wordpress\/ -->\n<title>AIRBORNE Geronimo Entspannung f\u00fcr AR15 - Armurerie Richert<\/title>\n<meta name=\"description\" content=\"M\u00f6chten Sie Ihren AR15 Abzug aufr\u00fcsten? Entscheiden Sie sich f\u00fcr den AIRBORNE Geronimo Abzug mit patentierter MSaT-Technologie. Pr\u00e4zision und Individualit\u00e4t garantiert!\" \/>\n<meta name=\"robots\" content=\"index, follow, max-snippet:-1, max-image-preview:large, max-video-preview:-1\" \/>\n<link rel=\"canonical\" href=\"https:\/\/armurerie-richert.ch\/de\/produit\/airborne-geronimo-entspannung-fuer-ar15\/\" \/>\n<meta property=\"og:locale\" content=\"de_DE\" \/>\n<meta property=\"og:type\" content=\"article\" \/>\n<meta property=\"og:title\" content=\"AIRBORNE Geronimo Entspannung f\u00fcr AR15\" \/>\n<meta property=\"og:description\" content=\"M\u00f6chten Sie Ihren AR15 Abzug aufr\u00fcsten? Entscheiden Sie sich f\u00fcr den AIRBORNE Geronimo Abzug mit patentierter MSaT-Technologie. Pr\u00e4zision und Individualit\u00e4t garantiert!\" \/>\n<meta property=\"og:url\" content=\"https:\/\/armurerie-richert.ch\/de\/produit\/airborne-geronimo-entspannung-fuer-ar15\/\" \/>\n<meta property=\"og:site_name\" content=\"Armurerie Richert\" \/>\n<meta property=\"article:publisher\" content=\"https:\/\/www.facebook.com\/profile.php?id=100023920014088\" \/>\n<meta property=\"og:image\" content=\"https:\/\/armurerie-richert.ch\/wp-content\/uploads\/2023\/11\/Airborne-geronimo.jpg\" \/>\n\t<meta property=\"og:image:width\" content=\"1920\" \/>\n\t<meta property=\"og:image:height\" content=\"1920\" \/>\n\t<meta property=\"og:image:type\" content=\"image\/jpeg\" \/>\n<meta name=\"twitter:card\" content=\"summary_large_image\" \/>\n<meta name=\"twitter:label1\" content=\"Preis\" \/>\n\t<meta name=\"twitter:data1\" content=\"&#067;&#072;&#070;&nbsp;260.00\" \/>\n\t<meta name=\"twitter:label2\" content=\"Verf\u00fcgbarkeit\" \/>\n\t<meta name=\"twitter:data2\" content=\"Auf Lager\" \/>\n<script type=\"application\/ld+json\" class=\"yoast-schema-graph\">{\"@context\":\"https:\\\/\\\/schema.org\",\"@graph\":[{\"@type\":\"WebPage\",\"@id\":\"https:\\\/\\\/armurerie-richert.ch\\\/de\\\/produit\\\/airborne-geronimo-entspannung-fuer-ar15\\\/\",\"url\":\"https:\\\/\\\/armurerie-richert.ch\\\/de\\\/produit\\\/airborne-geronimo-entspannung-fuer-ar15\\\/\",\"name\":\"AIRBORNE Geronimo Entspannung f\u00fcr AR15 - Armurerie Richert\",\"isPartOf\":{\"@id\":\"https:\\\/\\\/armurerie-richert.ch\\\/de\\\/#website\"},\"primaryImageOfPage\":{\"@id\":\"https:\\\/\\\/armurerie-richert.ch\\\/de\\\/produit\\\/airborne-geronimo-entspannung-fuer-ar15\\\/#primaryimage\"},\"image\":{\"@id\":\"https:\\\/\\\/armurerie-richert.ch\\\/de\\\/produit\\\/airborne-geronimo-entspannung-fuer-ar15\\\/#primaryimage\"},\"thumbnailUrl\":\"https:\\\/\\\/armurerie-richert.ch\\\/wp-content\\\/uploads\\\/2023\\\/11\\\/Airborne-geronimo.jpg\",\"datePublished\":\"2023-11-04T14:39:04+00:00\",\"description\":\"M\u00f6chten Sie Ihren AR15 Abzug aufr\u00fcsten? Entscheiden Sie sich f\u00fcr den AIRBORNE Geronimo Abzug mit patentierter MSaT-Technologie. Pr\u00e4zision und Individualit\u00e4t garantiert!\",\"breadcrumb\":{\"@id\":\"https:\\\/\\\/armurerie-richert.ch\\\/de\\\/produit\\\/airborne-geronimo-entspannung-fuer-ar15\\\/#breadcrumb\"},\"inLanguage\":\"de\",\"potentialAction\":[{\"@type\":\"ReadAction\",\"target\":[\"https:\\\/\\\/armurerie-richert.ch\\\/de\\\/produit\\\/airborne-geronimo-entspannung-fuer-ar15\\\/\"]}]},{\"@type\":\"ImageObject\",\"inLanguage\":\"de\",\"@id\":\"https:\\\/\\\/armurerie-richert.ch\\\/de\\\/produit\\\/airborne-geronimo-entspannung-fuer-ar15\\\/#primaryimage\",\"url\":\"https:\\\/\\\/armurerie-richert.ch\\\/wp-content\\\/uploads\\\/2023\\\/11\\\/Airborne-geronimo.jpg\",\"contentUrl\":\"https:\\\/\\\/armurerie-richert.ch\\\/wp-content\\\/uploads\\\/2023\\\/11\\\/Airborne-geronimo.jpg\",\"width\":1920,\"height\":1920},{\"@type\":\"BreadcrumbList\",\"@id\":\"https:\\\/\\\/armurerie-richert.ch\\\/de\\\/produit\\\/airborne-geronimo-entspannung-fuer-ar15\\\/#breadcrumb\",\"itemListElement\":[{\"@type\":\"ListItem\",\"position\":1,\"name\":\"Accueil\",\"item\":\"https:\\\/\\\/armurerie-richert.ch\\\/de\\\/startseite\\\/\"},{\"@type\":\"ListItem\",\"position\":2,\"name\":\"Shop\",\"item\":\"https:\\\/\\\/armurerie-richert.ch\\\/de\\\/shop\\\/\"},{\"@type\":\"ListItem\",\"position\":3,\"name\":\"AIRBORNE Geronimo Entspannung f\u00fcr AR15\"}]},{\"@type\":\"WebSite\",\"@id\":\"https:\\\/\\\/armurerie-richert.ch\\\/de\\\/#website\",\"url\":\"https:\\\/\\\/armurerie-richert.ch\\\/de\\\/\",\"name\":\"Armurerie Richert\",\"description\":\"\",\"publisher\":{\"@id\":\"https:\\\/\\\/armurerie-richert.ch\\\/de\\\/#organization\"},\"potentialAction\":[{\"@type\":\"SearchAction\",\"target\":{\"@type\":\"EntryPoint\",\"urlTemplate\":\"https:\\\/\\\/armurerie-richert.ch\\\/de\\\/?s={search_term_string}\"},\"query-input\":{\"@type\":\"PropertyValueSpecification\",\"valueRequired\":true,\"valueName\":\"search_term_string\"}}],\"inLanguage\":\"de\"},{\"@type\":\"Organization\",\"@id\":\"https:\\\/\\\/armurerie-richert.ch\\\/de\\\/#organization\",\"name\":\"Armurerie Richert\",\"url\":\"https:\\\/\\\/armurerie-richert.ch\\\/de\\\/\",\"logo\":{\"@type\":\"ImageObject\",\"inLanguage\":\"de\",\"@id\":\"https:\\\/\\\/armurerie-richert.ch\\\/de\\\/#\\\/schema\\\/logo\\\/image\\\/\",\"url\":\"https:\\\/\\\/armurerie-richert.ch\\\/wp-content\\\/uploads\\\/2023\\\/11\\\/Armurerie-Richert-Logo-300px.png\",\"contentUrl\":\"https:\\\/\\\/armurerie-richert.ch\\\/wp-content\\\/uploads\\\/2023\\\/11\\\/Armurerie-Richert-Logo-300px.png\",\"width\":300,\"height\":73,\"caption\":\"Armurerie Richert\"},\"image\":{\"@id\":\"https:\\\/\\\/armurerie-richert.ch\\\/de\\\/#\\\/schema\\\/logo\\\/image\\\/\"},\"sameAs\":[\"https:\\\/\\\/www.facebook.com\\\/profile.php?id=100023920014088\"]}]}<\/script>\n<meta property=\"product:price:amount\" content=\"260.00\" \/>\n<meta property=\"product:price:currency\" content=\"CHF\" \/>\n<meta property=\"og:availability\" content=\"instock\" \/>\n<meta property=\"product:availability\" content=\"instock\" \/>\n<meta property=\"product:condition\" content=\"new\" \/>\n<!-- \/ Yoast SEO Premium plugin. -->","yoast_head_json":{"title":"AIRBORNE Geronimo Entspannung f\u00fcr AR15 - Armurerie Richert","description":"M\u00f6chten Sie Ihren AR15 Abzug aufr\u00fcsten? Entscheiden Sie sich f\u00fcr den AIRBORNE Geronimo Abzug mit patentierter MSaT-Technologie. Pr\u00e4zision und Individualit\u00e4t garantiert!","robots":{"index":"index","follow":"follow","max-snippet":"max-snippet:-1","max-image-preview":"max-image-preview:large","max-video-preview":"max-video-preview:-1"},"canonical":"https:\/\/armurerie-richert.ch\/de\/produit\/airborne-geronimo-entspannung-fuer-ar15\/","og_locale":"de_DE","og_type":"article","og_title":"AIRBORNE Geronimo Entspannung f\u00fcr AR15","og_description":"M\u00f6chten Sie Ihren AR15 Abzug aufr\u00fcsten? Entscheiden Sie sich f\u00fcr den AIRBORNE Geronimo Abzug mit patentierter MSaT-Technologie. Pr\u00e4zision und Individualit\u00e4t garantiert!","og_url":"https:\/\/armurerie-richert.ch\/de\/produit\/airborne-geronimo-entspannung-fuer-ar15\/","og_site_name":"Armurerie Richert","article_publisher":"https:\/\/www.facebook.com\/profile.php?id=100023920014088","og_image":[{"width":1920,"height":1920,"url":"https:\/\/armurerie-richert.ch\/wp-content\/uploads\/2023\/11\/Airborne-geronimo.jpg","type":"image\/jpeg"}],"twitter_card":"summary_large_image","twitter_misc":{"Preis":"&#67;&#72;&#70;&nbsp;260.00","Verf\u00fcgbarkeit":"Auf Lager"},"schema":{"@context":"https:\/\/schema.org","@graph":[{"@type":"WebPage","@id":"https:\/\/armurerie-richert.ch\/de\/produit\/airborne-geronimo-entspannung-fuer-ar15\/","url":"https:\/\/armurerie-richert.ch\/de\/produit\/airborne-geronimo-entspannung-fuer-ar15\/","name":"AIRBORNE Geronimo Entspannung f\u00fcr AR15 - Armurerie Richert","isPartOf":{"@id":"https:\/\/armurerie-richert.ch\/de\/#website"},"primaryImageOfPage":{"@id":"https:\/\/armurerie-richert.ch\/de\/produit\/airborne-geronimo-entspannung-fuer-ar15\/#primaryimage"},"image":{"@id":"https:\/\/armurerie-richert.ch\/de\/produit\/airborne-geronimo-entspannung-fuer-ar15\/#primaryimage"},"thumbnailUrl":"https:\/\/armurerie-richert.ch\/wp-content\/uploads\/2023\/11\/Airborne-geronimo.jpg","datePublished":"2023-11-04T14:39:04+00:00","description":"M\u00f6chten Sie Ihren AR15 Abzug aufr\u00fcsten? Entscheiden Sie sich f\u00fcr den AIRBORNE Geronimo Abzug mit patentierter MSaT-Technologie. Pr\u00e4zision und Individualit\u00e4t garantiert!","breadcrumb":{"@id":"https:\/\/armurerie-richert.ch\/de\/produit\/airborne-geronimo-entspannung-fuer-ar15\/#breadcrumb"},"inLanguage":"de","potentialAction":[{"@type":"ReadAction","target":["https:\/\/armurerie-richert.ch\/de\/produit\/airborne-geronimo-entspannung-fuer-ar15\/"]}]},{"@type":"ImageObject","inLanguage":"de","@id":"https:\/\/armurerie-richert.ch\/de\/produit\/airborne-geronimo-entspannung-fuer-ar15\/#primaryimage","url":"https:\/\/armurerie-richert.ch\/wp-content\/uploads\/2023\/11\/Airborne-geronimo.jpg","contentUrl":"https:\/\/armurerie-richert.ch\/wp-content\/uploads\/2023\/11\/Airborne-geronimo.jpg","width":1920,"height":1920},{"@type":"BreadcrumbList","@id":"https:\/\/armurerie-richert.ch\/de\/produit\/airborne-geronimo-entspannung-fuer-ar15\/#breadcrumb","itemListElement":[{"@type":"ListItem","position":1,"name":"Accueil","item":"https:\/\/armurerie-richert.ch\/de\/startseite\/"},{"@type":"ListItem","position":2,"name":"Shop","item":"https:\/\/armurerie-richert.ch\/de\/shop\/"},{"@type":"ListItem","position":3,"name":"AIRBORNE Geronimo Entspannung f\u00fcr AR15"}]},{"@type":"WebSite","@id":"https:\/\/armurerie-richert.ch\/de\/#website","url":"https:\/\/armurerie-richert.ch\/de\/","name":"Armurerie Richert","description":"","publisher":{"@id":"https:\/\/armurerie-richert.ch\/de\/#organization"},"potentialAction":[{"@type":"SearchAction","target":{"@type":"EntryPoint","urlTemplate":"https:\/\/armurerie-richert.ch\/de\/?s={search_term_string}"},"query-input":{"@type":"PropertyValueSpecification","valueRequired":true,"valueName":"search_term_string"}}],"inLanguage":"de"},{"@type":"Organization","@id":"https:\/\/armurerie-richert.ch\/de\/#organization","name":"Armurerie Richert","url":"https:\/\/armurerie-richert.ch\/de\/","logo":{"@type":"ImageObject","inLanguage":"de","@id":"https:\/\/armurerie-richert.ch\/de\/#\/schema\/logo\/image\/","url":"https:\/\/armurerie-richert.ch\/wp-content\/uploads\/2023\/11\/Armurerie-Richert-Logo-300px.png","contentUrl":"https:\/\/armurerie-richert.ch\/wp-content\/uploads\/2023\/11\/Armurerie-Richert-Logo-300px.png","width":300,"height":73,"caption":"Armurerie Richert"},"image":{"@id":"https:\/\/armurerie-richert.ch\/de\/#\/schema\/logo\/image\/"},"sameAs":["https:\/\/www.facebook.com\/profile.php?id=100023920014088"]}]},"product_price_amount":"260.00","product_price_currency":"CHF","og_availability":"instock","product_availability":"instock","product_condition":"new"},"_links":{"self":[{"href":"https:\/\/armurerie-richert.ch\/de\/wp-json\/wp\/v2\/product\/35474","targetHints":{"allow":["GET"]}}],"collection":[{"href":"https:\/\/armurerie-richert.ch\/de\/wp-json\/wp\/v2\/product"}],"about":[{"href":"https:\/\/armurerie-richert.ch\/de\/wp-json\/wp\/v2\/types\/product"}],"wp:featuredmedia":[{"embeddable":true,"href":"https:\/\/armurerie-richert.ch\/de\/wp-json\/wp\/v2\/media\/32264"}],"wp:attachment":[{"href":"https:\/\/armurerie-richert.ch\/de\/wp-json\/wp\/v2\/media?parent=35474"}],"wp:term":[{"taxonomy":"product_brand","embeddable":true,"href":"https:\/\/armurerie-richert.ch\/de\/wp-json\/wp\/v2\/product_brand?post=35474"},{"taxonomy":"product_cat","embeddable":true,"href":"https:\/\/armurerie-richert.ch\/de\/wp-json\/wp\/v2\/product_cat?post=35474"},{"taxonomy":"product_tag","embeddable":true,"href":"https:\/\/armurerie-richert.ch\/de\/wp-json\/wp\/v2\/product_tag?post=35474"}],"curies":[{"name":"wp","href":"https:\/\/api.w.org\/{rel}","templated":true}]}}