{"id":35475,"date":"2023-11-04T14:44:11","date_gmt":"2023-11-04T13:44:11","guid":{"rendered":"https:\/\/armurerie-richert.ch\/produit\/zev-oz9-combat-xgrip\/"},"modified":"2023-11-04T14:44:11","modified_gmt":"2023-11-04T13:44:11","slug":"zev-oz9-combat-xgrip","status":"publish","type":"product","link":"https:\/\/armurerie-richert.ch\/de\/produit\/zev-oz9-combat-xgrip\/","title":{"rendered":"ZEV OZ9 Combat Xgrip"},"content":{"rendered":"<h3>ZEV OZ9 Combat Xgrip<\/h3>\n<p>Der O.Z-9 Combat ist mit dem ZEV&#8217;s windowless Citadel Slide, PRO Match Barrel und PRO Curved Face Trigger ausgestattet und erf\u00fcllt die strengen Anforderungen des anspruchsvollen professionellen Anwenders. Der X Compact kombiniert den kompakten O.Z-9C Empf\u00e4nger mit einem vollwertigen X-Griff, um eine Pistole zu schaffen, die ohne zus\u00e4tzliches Gewicht oder L\u00e4nge besser zu kontrollieren und zu handhaben ist als der O.Z-9C Compact. Der O.Z-9 wurde f\u00fcr die Balance entworfen und geschaffen. Dies ist eines der ersten Dinge, die Sie bemerken, wenn Sie diese Pistole in der Hand halten. Balance entspricht dem, was jeder Sch\u00fctze sucht: eine besser kontrollierbare Pistole mit weniger Felt recoil, weniger Muzzle Flip und schnelleren, genaueren Folgesch\u00fcssen. Das Herzst\u00fcck des O.Z-9 ist der patentierte Steel Receiver. Dieser massive Stahlrahmen erstreckt sich \u00fcber die gesamte L\u00e4nge der Pistole, so dass der Verriegelungsblock vollst\u00e4ndig integriert werden kann. Die verl\u00e4ngerten Schienen im Stahlreceiver helfen, die Kontaktfl\u00e4che mit dem Slide mehr als zu verdoppeln. Zus\u00e4tzliche Vorteile sind die Kan\u00e4le, die den Schmutz entfernen und gleichzeitig als Schmiermittelbeh\u00e4lter f\u00fcr Bereiche mit hoher Reibung fungieren. Eine einzigartige Komponente f\u00fcr die Bewegung des Schiebers minimiert Vibrationen und schont die Energie, indem sie \u00fcber den Empf\u00e4nger durch den ma\u00dfgeschneiderten Griff verteilt wird. Eine einzelne Abzugszange, die sich bequem an der Vorderseite des Ausl\u00f6serschutzes befindet, verriegelt den abnehmbaren Griff mit dem steinernen Empf\u00e4nger. Der Trigger ist im Stahlgeh\u00e4use untergebracht, so dass zuk\u00fcnftige Griffaufr\u00fcstungen m\u00f6glich sind, ohne dass die Pistole komplett zerbricht. Die verbesserten Griffe haben einen steileren Winkel und eine vordere Handposition, die das Maultier unten h\u00e4lt und gerader zeigt. Zus\u00e4tzliche Griffgr\u00f6\u00dfen und Farben sowie mehrere Magwells in verschiedenen Gr\u00f6\u00dfen stehen zur Verf\u00fcgung, um die weitere Anpassung an Ihre Bed\u00fcrfnisse zu erleichtern. Der O.Z-9 ist mit ZEV-Komponenten und <a class=\"crosslink\" title=\"Glock\" href=\"https:\/\/www.rainierarms.com\/manufacturers\/glock\/\" target=\"_self\" rel=\"noopener\">Glock-Musterzeitschriften<\/a> kompatibel.<\/p>\n","protected":false},"excerpt":{"rendered":"<p>Der O.Z-9 Combat ist mit dem ZEV&#8217;s windowless Citadel Slide, PRO Match Barrel und PRO Curved Face Trigger ausgestattet und erf\u00fcllt die strengen Anforderungen des anspruchsvollen professionellen Anwenders. Der X Compact kombiniert den kompakten O.Z-9C Empf\u00e4nger mit einem vollwertigen X-Griff, um eine Pistole zu schaffen, die ohne zus\u00e4tzliches Gewicht oder L\u00e4nge besser zu kontrollieren und zu handhaben ist als der O.Z-9C Compact. Der O.Z-9 wurde f\u00fcr die Balance entworfen und geschaffen. Dies ist eines der ersten Dinge, die Sie bemerken, wenn Sie diese Pistole in der Hand halten. Balance entspricht dem, was jeder Sch\u00fctze sucht: eine besser kontrollierbare Pistole mit weniger Felt recoil, weniger Muzzle Flip und schnelleren, genaueren Folgesch\u00fcssen. Das Herzst\u00fcck des O.Z-9 ist der patentierte Steel Receiver. Dieser massive Stahlrahmen erstreckt sich \u00fcber die gesamte L\u00e4nge der Pistole, so dass der Verriegelungsblock vollst\u00e4ndig integriert werden kann. Die verl\u00e4ngerten Schienen im Stahlreceiver helfen, die Kontaktfl\u00e4che mit dem Slide mehr als zu verdoppeln. Zus\u00e4tzliche Vorteile sind die Kan\u00e4le, die den Schmutz entfernen und gleichzeitig als Schmiermittelbeh\u00e4lter f\u00fcr Bereiche mit hoher Reibung fungieren. Eine einzigartige Komponente f\u00fcr die Bewegung des Schiebers minimiert Vibrationen und schont die Energie, indem sie \u00fcber den Empf\u00e4nger durch den ma\u00dfgeschneiderten Griff verteilt wird. Eine einzelne Abzugszange, die sich bequem an der Vorderseite des Ausl\u00f6serschutzes befindet, verriegelt den abnehmbaren Griff mit dem steinernen Empf\u00e4nger. Der Trigger ist im Stahlgeh\u00e4use untergebracht, so dass zuk\u00fcnftige Griffaufr\u00fcstungen m\u00f6glich sind, ohne dass die Pistole komplett zerbricht. Die verbesserten Griffe haben einen steileren Winkel und eine vordere Handposition, die das Maultier unten h\u00e4lt und gerader zeigt. Zus\u00e4tzliche Griffgr\u00f6\u00dfen und Farben sowie mehrere Magwells in verschiedenen Gr\u00f6\u00dfen stehen zur Verf\u00fcgung, um die weitere Anpassung an Ihre Bed\u00fcrfnisse zu erleichtern. Der O.Z-9 ist mit ZEV-Komponenten und <a class=\"crosslink\" title=\"Glock\" href=\"https:\/\/www.rainierarms.com\/manufacturers\/glock\/\" target=\"_self\" rel=\"noopener\">Glock-Musterzeitschriften<\/a> kompatibel.<\/p>\n","protected":false},"featured_media":32239,"template":"","meta":{"_et_pb_use_builder":"","_et_pb_old_content":"","_et_gb_content_width":""},"product_brand":[],"product_cat":[78,77],"product_tag":[],"class_list":{"0":"post-35475","1":"product","2":"type-product","3":"status-publish","4":"has-post-thumbnail","6":"product_cat-glock-und-derivate","7":"product_cat-neue-waffen","9":"first","10":"instock","11":"sale","12":"shipping-taxable","13":"purchasable","14":"product-type-simple"},"yoast_head":"<!-- This site is optimized with the Yoast SEO Premium plugin v24.7 (Yoast SEO v27.5) - https:\/\/yoast.com\/product\/yoast-seo-premium-wordpress\/ -->\n<title>ZEV OZ9 Combat Xgrip - Armurerie Richert<\/title>\n<meta name=\"description\" content=\"Entdecken Sie die ZEV OZ9 Combat Xgrip Pistole mit dem fensterlosen Citadel-Verschluss, dem PRO Match Lauf und dem PRO Curved Face Abzug.\" \/>\n<meta name=\"robots\" content=\"index, follow, max-snippet:-1, max-image-preview:large, max-video-preview:-1\" \/>\n<link rel=\"canonical\" href=\"https:\/\/armurerie-richert.ch\/de\/produit\/zev-oz9-combat-xgrip\/\" \/>\n<meta property=\"og:locale\" content=\"de_DE\" \/>\n<meta property=\"og:type\" content=\"article\" \/>\n<meta property=\"og:title\" content=\"ZEV OZ9 Combat Xgrip\" \/>\n<meta property=\"og:description\" content=\"Entdecken Sie die ZEV OZ9 Combat Xgrip Pistole mit dem fensterlosen Citadel-Verschluss, dem PRO Match Lauf und dem PRO Curved Face Abzug.\" \/>\n<meta property=\"og:url\" content=\"https:\/\/armurerie-richert.ch\/de\/produit\/zev-oz9-combat-xgrip\/\" \/>\n<meta property=\"og:site_name\" content=\"Armurerie Richert\" \/>\n<meta property=\"article:publisher\" content=\"https:\/\/www.facebook.com\/profile.php?id=100023920014088\" \/>\n<meta property=\"og:image\" content=\"https:\/\/armurerie-richert.ch\/wp-content\/uploads\/2023\/11\/ZEV-OZ9-combat.jpg\" \/>\n\t<meta property=\"og:image:width\" content=\"1920\" \/>\n\t<meta property=\"og:image:height\" content=\"1920\" \/>\n\t<meta property=\"og:image:type\" content=\"image\/jpeg\" \/>\n<meta name=\"twitter:card\" content=\"summary_large_image\" \/>\n<meta name=\"twitter:label1\" content=\"Preis\" \/>\n\t<meta name=\"twitter:data1\" content=\"&#067;&#072;&#070;&nbsp;1&#039;690.00\" \/>\n\t<meta name=\"twitter:label2\" content=\"Verf\u00fcgbarkeit\" \/>\n\t<meta name=\"twitter:data2\" content=\"Auf Lager\" \/>\n<script type=\"application\/ld+json\" class=\"yoast-schema-graph\">{\"@context\":\"https:\\\/\\\/schema.org\",\"@graph\":[{\"@type\":\"WebPage\",\"@id\":\"https:\\\/\\\/armurerie-richert.ch\\\/de\\\/produit\\\/zev-oz9-combat-xgrip\\\/\",\"url\":\"https:\\\/\\\/armurerie-richert.ch\\\/de\\\/produit\\\/zev-oz9-combat-xgrip\\\/\",\"name\":\"ZEV OZ9 Combat Xgrip - Armurerie Richert\",\"isPartOf\":{\"@id\":\"https:\\\/\\\/armurerie-richert.ch\\\/de\\\/#website\"},\"primaryImageOfPage\":{\"@id\":\"https:\\\/\\\/armurerie-richert.ch\\\/de\\\/produit\\\/zev-oz9-combat-xgrip\\\/#primaryimage\"},\"image\":{\"@id\":\"https:\\\/\\\/armurerie-richert.ch\\\/de\\\/produit\\\/zev-oz9-combat-xgrip\\\/#primaryimage\"},\"thumbnailUrl\":\"https:\\\/\\\/armurerie-richert.ch\\\/wp-content\\\/uploads\\\/2023\\\/11\\\/ZEV-OZ9-combat.jpg\",\"datePublished\":\"2023-11-04T13:44:11+00:00\",\"description\":\"Entdecken Sie die ZEV OZ9 Combat Xgrip Pistole mit dem fensterlosen Citadel-Verschluss, dem PRO Match Lauf und dem PRO Curved Face Abzug.\",\"breadcrumb\":{\"@id\":\"https:\\\/\\\/armurerie-richert.ch\\\/de\\\/produit\\\/zev-oz9-combat-xgrip\\\/#breadcrumb\"},\"inLanguage\":\"de\",\"potentialAction\":[{\"@type\":\"ReadAction\",\"target\":[\"https:\\\/\\\/armurerie-richert.ch\\\/de\\\/produit\\\/zev-oz9-combat-xgrip\\\/\"]}]},{\"@type\":\"ImageObject\",\"inLanguage\":\"de\",\"@id\":\"https:\\\/\\\/armurerie-richert.ch\\\/de\\\/produit\\\/zev-oz9-combat-xgrip\\\/#primaryimage\",\"url\":\"https:\\\/\\\/armurerie-richert.ch\\\/wp-content\\\/uploads\\\/2023\\\/11\\\/ZEV-OZ9-combat.jpg\",\"contentUrl\":\"https:\\\/\\\/armurerie-richert.ch\\\/wp-content\\\/uploads\\\/2023\\\/11\\\/ZEV-OZ9-combat.jpg\",\"width\":1920,\"height\":1920},{\"@type\":\"BreadcrumbList\",\"@id\":\"https:\\\/\\\/armurerie-richert.ch\\\/de\\\/produit\\\/zev-oz9-combat-xgrip\\\/#breadcrumb\",\"itemListElement\":[{\"@type\":\"ListItem\",\"position\":1,\"name\":\"Accueil\",\"item\":\"https:\\\/\\\/armurerie-richert.ch\\\/de\\\/startseite\\\/\"},{\"@type\":\"ListItem\",\"position\":2,\"name\":\"Shop\",\"item\":\"https:\\\/\\\/armurerie-richert.ch\\\/de\\\/shop\\\/\"},{\"@type\":\"ListItem\",\"position\":3,\"name\":\"ZEV OZ9 Combat Xgrip\"}]},{\"@type\":\"WebSite\",\"@id\":\"https:\\\/\\\/armurerie-richert.ch\\\/de\\\/#website\",\"url\":\"https:\\\/\\\/armurerie-richert.ch\\\/de\\\/\",\"name\":\"Armurerie Richert\",\"description\":\"\",\"publisher\":{\"@id\":\"https:\\\/\\\/armurerie-richert.ch\\\/de\\\/#organization\"},\"potentialAction\":[{\"@type\":\"SearchAction\",\"target\":{\"@type\":\"EntryPoint\",\"urlTemplate\":\"https:\\\/\\\/armurerie-richert.ch\\\/de\\\/?s={search_term_string}\"},\"query-input\":{\"@type\":\"PropertyValueSpecification\",\"valueRequired\":true,\"valueName\":\"search_term_string\"}}],\"inLanguage\":\"de\"},{\"@type\":\"Organization\",\"@id\":\"https:\\\/\\\/armurerie-richert.ch\\\/de\\\/#organization\",\"name\":\"Armurerie Richert\",\"url\":\"https:\\\/\\\/armurerie-richert.ch\\\/de\\\/\",\"logo\":{\"@type\":\"ImageObject\",\"inLanguage\":\"de\",\"@id\":\"https:\\\/\\\/armurerie-richert.ch\\\/de\\\/#\\\/schema\\\/logo\\\/image\\\/\",\"url\":\"https:\\\/\\\/armurerie-richert.ch\\\/wp-content\\\/uploads\\\/2023\\\/11\\\/Armurerie-Richert-Logo-300px.png\",\"contentUrl\":\"https:\\\/\\\/armurerie-richert.ch\\\/wp-content\\\/uploads\\\/2023\\\/11\\\/Armurerie-Richert-Logo-300px.png\",\"width\":300,\"height\":73,\"caption\":\"Armurerie Richert\"},\"image\":{\"@id\":\"https:\\\/\\\/armurerie-richert.ch\\\/de\\\/#\\\/schema\\\/logo\\\/image\\\/\"},\"sameAs\":[\"https:\\\/\\\/www.facebook.com\\\/profile.php?id=100023920014088\"]}]}<\/script>\n<meta property=\"product:price:amount\" content=\"1690.00\" \/>\n<meta property=\"product:price:currency\" content=\"CHF\" \/>\n<meta property=\"og:availability\" content=\"instock\" \/>\n<meta property=\"product:availability\" content=\"instock\" \/>\n<meta property=\"product:condition\" content=\"new\" \/>\n<!-- \/ Yoast SEO Premium plugin. -->","yoast_head_json":{"title":"ZEV OZ9 Combat Xgrip - Armurerie Richert","description":"Entdecken Sie die ZEV OZ9 Combat Xgrip Pistole mit dem fensterlosen Citadel-Verschluss, dem PRO Match Lauf und dem PRO Curved Face Abzug.","robots":{"index":"index","follow":"follow","max-snippet":"max-snippet:-1","max-image-preview":"max-image-preview:large","max-video-preview":"max-video-preview:-1"},"canonical":"https:\/\/armurerie-richert.ch\/de\/produit\/zev-oz9-combat-xgrip\/","og_locale":"de_DE","og_type":"article","og_title":"ZEV OZ9 Combat Xgrip","og_description":"Entdecken Sie die ZEV OZ9 Combat Xgrip Pistole mit dem fensterlosen Citadel-Verschluss, dem PRO Match Lauf und dem PRO Curved Face Abzug.","og_url":"https:\/\/armurerie-richert.ch\/de\/produit\/zev-oz9-combat-xgrip\/","og_site_name":"Armurerie Richert","article_publisher":"https:\/\/www.facebook.com\/profile.php?id=100023920014088","og_image":[{"width":1920,"height":1920,"url":"https:\/\/armurerie-richert.ch\/wp-content\/uploads\/2023\/11\/ZEV-OZ9-combat.jpg","type":"image\/jpeg"}],"twitter_card":"summary_large_image","twitter_misc":{"Preis":"&#67;&#72;&#70;&nbsp;1'690.00","Verf\u00fcgbarkeit":"Auf Lager"},"schema":{"@context":"https:\/\/schema.org","@graph":[{"@type":"WebPage","@id":"https:\/\/armurerie-richert.ch\/de\/produit\/zev-oz9-combat-xgrip\/","url":"https:\/\/armurerie-richert.ch\/de\/produit\/zev-oz9-combat-xgrip\/","name":"ZEV OZ9 Combat Xgrip - Armurerie Richert","isPartOf":{"@id":"https:\/\/armurerie-richert.ch\/de\/#website"},"primaryImageOfPage":{"@id":"https:\/\/armurerie-richert.ch\/de\/produit\/zev-oz9-combat-xgrip\/#primaryimage"},"image":{"@id":"https:\/\/armurerie-richert.ch\/de\/produit\/zev-oz9-combat-xgrip\/#primaryimage"},"thumbnailUrl":"https:\/\/armurerie-richert.ch\/wp-content\/uploads\/2023\/11\/ZEV-OZ9-combat.jpg","datePublished":"2023-11-04T13:44:11+00:00","description":"Entdecken Sie die ZEV OZ9 Combat Xgrip Pistole mit dem fensterlosen Citadel-Verschluss, dem PRO Match Lauf und dem PRO Curved Face Abzug.","breadcrumb":{"@id":"https:\/\/armurerie-richert.ch\/de\/produit\/zev-oz9-combat-xgrip\/#breadcrumb"},"inLanguage":"de","potentialAction":[{"@type":"ReadAction","target":["https:\/\/armurerie-richert.ch\/de\/produit\/zev-oz9-combat-xgrip\/"]}]},{"@type":"ImageObject","inLanguage":"de","@id":"https:\/\/armurerie-richert.ch\/de\/produit\/zev-oz9-combat-xgrip\/#primaryimage","url":"https:\/\/armurerie-richert.ch\/wp-content\/uploads\/2023\/11\/ZEV-OZ9-combat.jpg","contentUrl":"https:\/\/armurerie-richert.ch\/wp-content\/uploads\/2023\/11\/ZEV-OZ9-combat.jpg","width":1920,"height":1920},{"@type":"BreadcrumbList","@id":"https:\/\/armurerie-richert.ch\/de\/produit\/zev-oz9-combat-xgrip\/#breadcrumb","itemListElement":[{"@type":"ListItem","position":1,"name":"Accueil","item":"https:\/\/armurerie-richert.ch\/de\/startseite\/"},{"@type":"ListItem","position":2,"name":"Shop","item":"https:\/\/armurerie-richert.ch\/de\/shop\/"},{"@type":"ListItem","position":3,"name":"ZEV OZ9 Combat Xgrip"}]},{"@type":"WebSite","@id":"https:\/\/armurerie-richert.ch\/de\/#website","url":"https:\/\/armurerie-richert.ch\/de\/","name":"Armurerie Richert","description":"","publisher":{"@id":"https:\/\/armurerie-richert.ch\/de\/#organization"},"potentialAction":[{"@type":"SearchAction","target":{"@type":"EntryPoint","urlTemplate":"https:\/\/armurerie-richert.ch\/de\/?s={search_term_string}"},"query-input":{"@type":"PropertyValueSpecification","valueRequired":true,"valueName":"search_term_string"}}],"inLanguage":"de"},{"@type":"Organization","@id":"https:\/\/armurerie-richert.ch\/de\/#organization","name":"Armurerie Richert","url":"https:\/\/armurerie-richert.ch\/de\/","logo":{"@type":"ImageObject","inLanguage":"de","@id":"https:\/\/armurerie-richert.ch\/de\/#\/schema\/logo\/image\/","url":"https:\/\/armurerie-richert.ch\/wp-content\/uploads\/2023\/11\/Armurerie-Richert-Logo-300px.png","contentUrl":"https:\/\/armurerie-richert.ch\/wp-content\/uploads\/2023\/11\/Armurerie-Richert-Logo-300px.png","width":300,"height":73,"caption":"Armurerie Richert"},"image":{"@id":"https:\/\/armurerie-richert.ch\/de\/#\/schema\/logo\/image\/"},"sameAs":["https:\/\/www.facebook.com\/profile.php?id=100023920014088"]}]},"product_price_amount":"1690.00","product_price_currency":"CHF","og_availability":"instock","product_availability":"instock","product_condition":"new"},"_links":{"self":[{"href":"https:\/\/armurerie-richert.ch\/de\/wp-json\/wp\/v2\/product\/35475","targetHints":{"allow":["GET"]}}],"collection":[{"href":"https:\/\/armurerie-richert.ch\/de\/wp-json\/wp\/v2\/product"}],"about":[{"href":"https:\/\/armurerie-richert.ch\/de\/wp-json\/wp\/v2\/types\/product"}],"wp:featuredmedia":[{"embeddable":true,"href":"https:\/\/armurerie-richert.ch\/de\/wp-json\/wp\/v2\/media\/32239"}],"wp:attachment":[{"href":"https:\/\/armurerie-richert.ch\/de\/wp-json\/wp\/v2\/media?parent=35475"}],"wp:term":[{"taxonomy":"product_brand","embeddable":true,"href":"https:\/\/armurerie-richert.ch\/de\/wp-json\/wp\/v2\/product_brand?post=35475"},{"taxonomy":"product_cat","embeddable":true,"href":"https:\/\/armurerie-richert.ch\/de\/wp-json\/wp\/v2\/product_cat?post=35475"},{"taxonomy":"product_tag","embeddable":true,"href":"https:\/\/armurerie-richert.ch\/de\/wp-json\/wp\/v2\/product_tag?post=35475"}],"curies":[{"name":"wp","href":"https:\/\/api.w.org\/{rel}","templated":true}]}}