{"id":35477,"date":"2023-11-04T14:42:32","date_gmt":"2023-11-04T13:42:32","guid":{"rendered":"https:\/\/armurerie-richert.ch\/produit\/shadow-system-cr920-elite\/"},"modified":"2023-11-04T14:42:32","modified_gmt":"2023-11-04T13:42:32","slug":"shadow-system-cr920-elite","status":"publish","type":"product","link":"https:\/\/armurerie-richert.ch\/de\/produit\/shadow-system-cr920-elite\/","title":{"rendered":"SHADOW SYSTEM CR920 Elite"},"content":{"rendered":"<h3>SHADOW SYSTEM CR920 Elite<\/h3>\n<p>Die Ingenieure bei Shadow Systems waren mit dem ultimativen Balanceakt betraut, um eine Subkompaktkamera zu schaffen, die tats\u00e4chlich Spa\u00df macht, wenn man sie schie\u00dft. Historisch gesehen ist die Schussfestigkeit von Subkompakten eine Sache der Nachteile, aber die CR920 schie\u00dft wie eine vollwertige Pistole und passt in Holster, die f\u00fcr G43X MOS \/ G48 MOS gemacht sind. Der CR920 weighs in bei gerade einmal 17,8 Ounces.<\/p>\n<p>Der optische Schnitt auf dem CR920 erm\u00f6glicht die direkte-to-slide Montage der meisten Marken von Mini-RDS-Optiken, einschlie\u00dflich des Shield RMS und Holosun 507k. Der CR920 hat einen passenden, spiralf\u00f6rmig gefluteten 3,41 Zoll gro\u00dfen Lauf.<\/p>\n<p>Die Innenausstattung umfasst eine Stainless-steel-F\u00fchrung und einen flachen, sicheren Ausl\u00f6ser. Der Ausl\u00f6ser hat einen Zug von 4,5-5,0 Pfd. und eine knackige, taktile R\u00fcckstellung. Der CR920 wird in einer Pistolenh\u00fclle mit Rei\u00dfverschluss und zwei Magazinen geliefert: ein 13+1-Kapazit\u00e4tsmagazin und ein versenktes 10+1-Kapazit\u00e4tsmagazin.<\/p>\n<p><strong>Spezifikationen<\/strong><\/p>\n<ul>\n<li><strong>Caliber:<\/strong> 9\u00d719<\/li>\n<li><strong>Aktion:<\/strong> Striker fire<\/li>\n<li><strong>Rahmen:<\/strong> Textured polymer<\/li>\n<li><strong>Slide Material:<\/strong> 17-4 Stainless Steel<\/li>\n<li><strong>Barrel Material:<\/strong> 416R Stainless Steel<\/li>\n<li><strong>Trigger pull:<\/strong> 4.5-5.0 lbs<\/li>\n<li><strong>L\u00e4nge der Trommel:<\/strong> 3.41 inches<\/li>\n<li><strong>Gewicht:<\/strong> 17.8 ounces<\/li>\n<li><strong>L\u00e4nge:<\/strong> 6.37 inches<\/li>\n<li><strong>Breite:<\/strong> 1.05 inches<\/li>\n<li><strong>H\u00f6he:<\/strong> 4.27 inches with flush mag\n<ul>\n<li>4.79 inches extended<\/li>\n<\/ul>\n<\/li>\n<li><strong>Kapazit\u00e4t:<\/strong> 10+1 mit Sp\u00fclmagazin\n<ul>\n<li>13+1 erweitert<\/li>\n<\/ul>\n<\/li>\n<\/ul>\n","protected":false},"excerpt":{"rendered":"<p>Die Ingenieure bei Shadow Systems waren mit dem ultimativen Balanceakt betraut, um eine Subkompaktkamera zu schaffen, die tats\u00e4chlich Spa\u00df macht, wenn man sie schie\u00dft. Historisch gesehen ist die Schussfestigkeit von Subkompakten eine Sache der Nachteile, aber die CR920 schie\u00dft wie eine vollwertige Pistole und passt in Holster, die f\u00fcr G43X MOS \/ G48 MOS gemacht sind. Der CR920 weighs in bei gerade einmal 17,8 Unzen.<\/p>\n<p>Der optische Schnitt auf dem CR920 erm\u00f6glicht die direkte-to-slide Montage der meisten Marken von Mini-RDS-Optiken, einschlie\u00dflich des Shield RMS und Holosun 507k. Der CR920 hat einen passenden, spiralf\u00f6rmig gefluteten 3,41 Zoll gro\u00dfen Lauf.<\/p>\n<p>Die Innenausstattung umfasst eine Stainless-steel-F\u00fchrung und einen flachen, sicheren Ausl\u00f6ser. Der Ausl\u00f6ser hat einen Zug von 4,5-5,0 Pfd. und eine knackige, taktile R\u00fcckstellung. Der CR920 wird in einer Pistolenh\u00fclle mit Rei\u00dfverschluss und zwei Magazinen geliefert: ein 13+1-Kapazit\u00e4tsmagazin und ein versenktes 10+1-Kapazit\u00e4tsmagazin.<\/p>\n<p><strong>Spezifikationen<\/strong><\/p>\n<ul>\n<li><strong>Caliber:<\/strong> 9\u00d719<\/li>\n<li><strong>Aktion:<\/strong> Striker fire<\/li>\n<li><strong>Rahmen:<\/strong> Textured polymer<\/li>\n<li><strong>Slide Material:<\/strong> 17-4 Stainless Steel<\/li>\n<li><strong>Barrel Material:<\/strong> 416R Stainless Steel<\/li>\n<li><strong>Trigger pull:<\/strong> 4.5-5.0 lbs<\/li>\n<li><strong>L\u00e4nge des Laufs:<\/strong> 3.41 inches<\/li>\n<li><strong>Gewicht:<\/strong> 17.8 ounces<\/li>\n<li><strong>L\u00e4nge:<\/strong> 6.37 inches<\/li>\n<li><strong>Breite:<\/strong> 1.05 inches<\/li>\n<li><strong>H\u00f6he:<\/strong> 4.27 inches with flush mag\n<ul>\n<li>4.79 inches extended<\/li>\n<\/ul>\n<\/li>\n<li><strong>Kapazit\u00e4t:<\/strong> 10+1 mit Sp\u00fclmagazin\n<ul>\n<li>13+1 erweitert<\/li>\n<\/ul>\n<\/li>\n<\/ul>\n","protected":false},"featured_media":32236,"template":"","meta":{"_et_pb_use_builder":"","_et_pb_old_content":"","_et_gb_content_width":""},"product_brand":[],"product_cat":[78,77],"product_tag":[],"class_list":{"0":"post-35477","1":"product","2":"type-product","3":"status-publish","4":"has-post-thumbnail","6":"product_cat-glock-und-derivate","7":"product_cat-neue-waffen","9":"first","10":"instock","11":"shipping-taxable","12":"purchasable","13":"product-type-simple"},"yoast_head":"<!-- This site is optimized with the Yoast SEO Premium plugin v24.7 (Yoast SEO v27.5) - https:\/\/yoast.com\/product\/yoast-seo-premium-wordpress\/ -->\n<title>SHADOW SYSTEM CR920 Elite - Armurerie Richert<\/title>\n<meta name=\"description\" content=\"Die Shadow Systems CR920 Elite Pistole bietet Ihnen ein unvergleichliches Schie\u00dferlebnis. Leicht und unauff\u00e4llig, passt perfekt zu G43X MOS \/ G48 Holstern\" \/>\n<meta name=\"robots\" content=\"index, follow, max-snippet:-1, max-image-preview:large, max-video-preview:-1\" \/>\n<link rel=\"canonical\" href=\"https:\/\/armurerie-richert.ch\/de\/produit\/shadow-system-cr920-elite\/\" \/>\n<meta property=\"og:locale\" content=\"de_DE\" \/>\n<meta property=\"og:type\" content=\"article\" \/>\n<meta property=\"og:title\" content=\"SHADOW SYSTEM CR920 Elite\" \/>\n<meta property=\"og:description\" content=\"Die Shadow Systems CR920 Elite Pistole bietet Ihnen ein unvergleichliches Schie\u00dferlebnis. Leicht und unauff\u00e4llig, passt perfekt zu G43X MOS \/ G48 Holstern\" \/>\n<meta property=\"og:url\" content=\"https:\/\/armurerie-richert.ch\/de\/produit\/shadow-system-cr920-elite\/\" \/>\n<meta property=\"og:site_name\" content=\"Armurerie Richert\" \/>\n<meta property=\"article:publisher\" content=\"https:\/\/www.facebook.com\/profile.php?id=100023920014088\" \/>\n<meta property=\"og:image\" content=\"https:\/\/armurerie-richert.ch\/wp-content\/uploads\/2023\/11\/shadow-systems-cr920-combat-9mm-optic-ready-pistol-w-night-sights-bronze.jpg\" \/>\n\t<meta property=\"og:image:width\" content=\"1920\" \/>\n\t<meta property=\"og:image:height\" content=\"1920\" \/>\n\t<meta property=\"og:image:type\" content=\"image\/jpeg\" \/>\n<meta name=\"twitter:card\" content=\"summary_large_image\" \/>\n<meta name=\"twitter:label1\" content=\"Preis\" \/>\n\t<meta name=\"twitter:data1\" content=\"&#067;&#072;&#070;&nbsp;1&#039;290.00\" \/>\n\t<meta name=\"twitter:label2\" content=\"Verf\u00fcgbarkeit\" \/>\n\t<meta name=\"twitter:data2\" content=\"Auf Lager\" \/>\n<script type=\"application\/ld+json\" class=\"yoast-schema-graph\">{\"@context\":\"https:\\\/\\\/schema.org\",\"@graph\":[{\"@type\":\"WebPage\",\"@id\":\"https:\\\/\\\/armurerie-richert.ch\\\/de\\\/produit\\\/shadow-system-cr920-elite\\\/\",\"url\":\"https:\\\/\\\/armurerie-richert.ch\\\/de\\\/produit\\\/shadow-system-cr920-elite\\\/\",\"name\":\"SHADOW SYSTEM CR920 Elite - Armurerie Richert\",\"isPartOf\":{\"@id\":\"https:\\\/\\\/armurerie-richert.ch\\\/de\\\/#website\"},\"primaryImageOfPage\":{\"@id\":\"https:\\\/\\\/armurerie-richert.ch\\\/de\\\/produit\\\/shadow-system-cr920-elite\\\/#primaryimage\"},\"image\":{\"@id\":\"https:\\\/\\\/armurerie-richert.ch\\\/de\\\/produit\\\/shadow-system-cr920-elite\\\/#primaryimage\"},\"thumbnailUrl\":\"https:\\\/\\\/armurerie-richert.ch\\\/wp-content\\\/uploads\\\/2023\\\/11\\\/shadow-systems-cr920-combat-9mm-optic-ready-pistol-w-night-sights-bronze.jpg\",\"datePublished\":\"2023-11-04T13:42:32+00:00\",\"description\":\"Die Shadow Systems CR920 Elite Pistole bietet Ihnen ein unvergleichliches Schie\u00dferlebnis. Leicht und unauff\u00e4llig, passt perfekt zu G43X MOS \\\/ G48 Holstern\",\"breadcrumb\":{\"@id\":\"https:\\\/\\\/armurerie-richert.ch\\\/de\\\/produit\\\/shadow-system-cr920-elite\\\/#breadcrumb\"},\"inLanguage\":\"de\",\"potentialAction\":[{\"@type\":\"ReadAction\",\"target\":[\"https:\\\/\\\/armurerie-richert.ch\\\/de\\\/produit\\\/shadow-system-cr920-elite\\\/\"]}]},{\"@type\":\"ImageObject\",\"inLanguage\":\"de\",\"@id\":\"https:\\\/\\\/armurerie-richert.ch\\\/de\\\/produit\\\/shadow-system-cr920-elite\\\/#primaryimage\",\"url\":\"https:\\\/\\\/armurerie-richert.ch\\\/wp-content\\\/uploads\\\/2023\\\/11\\\/shadow-systems-cr920-combat-9mm-optic-ready-pistol-w-night-sights-bronze.jpg\",\"contentUrl\":\"https:\\\/\\\/armurerie-richert.ch\\\/wp-content\\\/uploads\\\/2023\\\/11\\\/shadow-systems-cr920-combat-9mm-optic-ready-pistol-w-night-sights-bronze.jpg\",\"width\":1920,\"height\":1920},{\"@type\":\"BreadcrumbList\",\"@id\":\"https:\\\/\\\/armurerie-richert.ch\\\/de\\\/produit\\\/shadow-system-cr920-elite\\\/#breadcrumb\",\"itemListElement\":[{\"@type\":\"ListItem\",\"position\":1,\"name\":\"Accueil\",\"item\":\"https:\\\/\\\/armurerie-richert.ch\\\/de\\\/startseite\\\/\"},{\"@type\":\"ListItem\",\"position\":2,\"name\":\"Shop\",\"item\":\"https:\\\/\\\/armurerie-richert.ch\\\/de\\\/shop\\\/\"},{\"@type\":\"ListItem\",\"position\":3,\"name\":\"SHADOW SYSTEM CR920 Elite\"}]},{\"@type\":\"WebSite\",\"@id\":\"https:\\\/\\\/armurerie-richert.ch\\\/de\\\/#website\",\"url\":\"https:\\\/\\\/armurerie-richert.ch\\\/de\\\/\",\"name\":\"Armurerie Richert\",\"description\":\"\",\"publisher\":{\"@id\":\"https:\\\/\\\/armurerie-richert.ch\\\/de\\\/#organization\"},\"potentialAction\":[{\"@type\":\"SearchAction\",\"target\":{\"@type\":\"EntryPoint\",\"urlTemplate\":\"https:\\\/\\\/armurerie-richert.ch\\\/de\\\/?s={search_term_string}\"},\"query-input\":{\"@type\":\"PropertyValueSpecification\",\"valueRequired\":true,\"valueName\":\"search_term_string\"}}],\"inLanguage\":\"de\"},{\"@type\":\"Organization\",\"@id\":\"https:\\\/\\\/armurerie-richert.ch\\\/de\\\/#organization\",\"name\":\"Armurerie Richert\",\"url\":\"https:\\\/\\\/armurerie-richert.ch\\\/de\\\/\",\"logo\":{\"@type\":\"ImageObject\",\"inLanguage\":\"de\",\"@id\":\"https:\\\/\\\/armurerie-richert.ch\\\/de\\\/#\\\/schema\\\/logo\\\/image\\\/\",\"url\":\"https:\\\/\\\/armurerie-richert.ch\\\/wp-content\\\/uploads\\\/2023\\\/11\\\/Armurerie-Richert-Logo-300px.png\",\"contentUrl\":\"https:\\\/\\\/armurerie-richert.ch\\\/wp-content\\\/uploads\\\/2023\\\/11\\\/Armurerie-Richert-Logo-300px.png\",\"width\":300,\"height\":73,\"caption\":\"Armurerie Richert\"},\"image\":{\"@id\":\"https:\\\/\\\/armurerie-richert.ch\\\/de\\\/#\\\/schema\\\/logo\\\/image\\\/\"},\"sameAs\":[\"https:\\\/\\\/www.facebook.com\\\/profile.php?id=100023920014088\"]}]}<\/script>\n<meta property=\"product:price:amount\" content=\"1290.00\" \/>\n<meta property=\"product:price:currency\" content=\"CHF\" \/>\n<meta property=\"og:availability\" content=\"instock\" \/>\n<meta property=\"product:availability\" content=\"instock\" \/>\n<meta property=\"product:condition\" content=\"new\" \/>\n<!-- \/ Yoast SEO Premium plugin. -->","yoast_head_json":{"title":"SHADOW SYSTEM CR920 Elite - Armurerie Richert","description":"Die Shadow Systems CR920 Elite Pistole bietet Ihnen ein unvergleichliches Schie\u00dferlebnis. Leicht und unauff\u00e4llig, passt perfekt zu G43X MOS \/ G48 Holstern","robots":{"index":"index","follow":"follow","max-snippet":"max-snippet:-1","max-image-preview":"max-image-preview:large","max-video-preview":"max-video-preview:-1"},"canonical":"https:\/\/armurerie-richert.ch\/de\/produit\/shadow-system-cr920-elite\/","og_locale":"de_DE","og_type":"article","og_title":"SHADOW SYSTEM CR920 Elite","og_description":"Die Shadow Systems CR920 Elite Pistole bietet Ihnen ein unvergleichliches Schie\u00dferlebnis. Leicht und unauff\u00e4llig, passt perfekt zu G43X MOS \/ G48 Holstern","og_url":"https:\/\/armurerie-richert.ch\/de\/produit\/shadow-system-cr920-elite\/","og_site_name":"Armurerie Richert","article_publisher":"https:\/\/www.facebook.com\/profile.php?id=100023920014088","og_image":[{"width":1920,"height":1920,"url":"https:\/\/armurerie-richert.ch\/wp-content\/uploads\/2023\/11\/shadow-systems-cr920-combat-9mm-optic-ready-pistol-w-night-sights-bronze.jpg","type":"image\/jpeg"}],"twitter_card":"summary_large_image","twitter_misc":{"Preis":"&#67;&#72;&#70;&nbsp;1'290.00","Verf\u00fcgbarkeit":"Auf Lager"},"schema":{"@context":"https:\/\/schema.org","@graph":[{"@type":"WebPage","@id":"https:\/\/armurerie-richert.ch\/de\/produit\/shadow-system-cr920-elite\/","url":"https:\/\/armurerie-richert.ch\/de\/produit\/shadow-system-cr920-elite\/","name":"SHADOW SYSTEM CR920 Elite - Armurerie Richert","isPartOf":{"@id":"https:\/\/armurerie-richert.ch\/de\/#website"},"primaryImageOfPage":{"@id":"https:\/\/armurerie-richert.ch\/de\/produit\/shadow-system-cr920-elite\/#primaryimage"},"image":{"@id":"https:\/\/armurerie-richert.ch\/de\/produit\/shadow-system-cr920-elite\/#primaryimage"},"thumbnailUrl":"https:\/\/armurerie-richert.ch\/wp-content\/uploads\/2023\/11\/shadow-systems-cr920-combat-9mm-optic-ready-pistol-w-night-sights-bronze.jpg","datePublished":"2023-11-04T13:42:32+00:00","description":"Die Shadow Systems CR920 Elite Pistole bietet Ihnen ein unvergleichliches Schie\u00dferlebnis. Leicht und unauff\u00e4llig, passt perfekt zu G43X MOS \/ G48 Holstern","breadcrumb":{"@id":"https:\/\/armurerie-richert.ch\/de\/produit\/shadow-system-cr920-elite\/#breadcrumb"},"inLanguage":"de","potentialAction":[{"@type":"ReadAction","target":["https:\/\/armurerie-richert.ch\/de\/produit\/shadow-system-cr920-elite\/"]}]},{"@type":"ImageObject","inLanguage":"de","@id":"https:\/\/armurerie-richert.ch\/de\/produit\/shadow-system-cr920-elite\/#primaryimage","url":"https:\/\/armurerie-richert.ch\/wp-content\/uploads\/2023\/11\/shadow-systems-cr920-combat-9mm-optic-ready-pistol-w-night-sights-bronze.jpg","contentUrl":"https:\/\/armurerie-richert.ch\/wp-content\/uploads\/2023\/11\/shadow-systems-cr920-combat-9mm-optic-ready-pistol-w-night-sights-bronze.jpg","width":1920,"height":1920},{"@type":"BreadcrumbList","@id":"https:\/\/armurerie-richert.ch\/de\/produit\/shadow-system-cr920-elite\/#breadcrumb","itemListElement":[{"@type":"ListItem","position":1,"name":"Accueil","item":"https:\/\/armurerie-richert.ch\/de\/startseite\/"},{"@type":"ListItem","position":2,"name":"Shop","item":"https:\/\/armurerie-richert.ch\/de\/shop\/"},{"@type":"ListItem","position":3,"name":"SHADOW SYSTEM CR920 Elite"}]},{"@type":"WebSite","@id":"https:\/\/armurerie-richert.ch\/de\/#website","url":"https:\/\/armurerie-richert.ch\/de\/","name":"Armurerie Richert","description":"","publisher":{"@id":"https:\/\/armurerie-richert.ch\/de\/#organization"},"potentialAction":[{"@type":"SearchAction","target":{"@type":"EntryPoint","urlTemplate":"https:\/\/armurerie-richert.ch\/de\/?s={search_term_string}"},"query-input":{"@type":"PropertyValueSpecification","valueRequired":true,"valueName":"search_term_string"}}],"inLanguage":"de"},{"@type":"Organization","@id":"https:\/\/armurerie-richert.ch\/de\/#organization","name":"Armurerie Richert","url":"https:\/\/armurerie-richert.ch\/de\/","logo":{"@type":"ImageObject","inLanguage":"de","@id":"https:\/\/armurerie-richert.ch\/de\/#\/schema\/logo\/image\/","url":"https:\/\/armurerie-richert.ch\/wp-content\/uploads\/2023\/11\/Armurerie-Richert-Logo-300px.png","contentUrl":"https:\/\/armurerie-richert.ch\/wp-content\/uploads\/2023\/11\/Armurerie-Richert-Logo-300px.png","width":300,"height":73,"caption":"Armurerie Richert"},"image":{"@id":"https:\/\/armurerie-richert.ch\/de\/#\/schema\/logo\/image\/"},"sameAs":["https:\/\/www.facebook.com\/profile.php?id=100023920014088"]}]},"product_price_amount":"1290.00","product_price_currency":"CHF","og_availability":"instock","product_availability":"instock","product_condition":"new"},"_links":{"self":[{"href":"https:\/\/armurerie-richert.ch\/de\/wp-json\/wp\/v2\/product\/35477","targetHints":{"allow":["GET"]}}],"collection":[{"href":"https:\/\/armurerie-richert.ch\/de\/wp-json\/wp\/v2\/product"}],"about":[{"href":"https:\/\/armurerie-richert.ch\/de\/wp-json\/wp\/v2\/types\/product"}],"wp:featuredmedia":[{"embeddable":true,"href":"https:\/\/armurerie-richert.ch\/de\/wp-json\/wp\/v2\/media\/32236"}],"wp:attachment":[{"href":"https:\/\/armurerie-richert.ch\/de\/wp-json\/wp\/v2\/media?parent=35477"}],"wp:term":[{"taxonomy":"product_brand","embeddable":true,"href":"https:\/\/armurerie-richert.ch\/de\/wp-json\/wp\/v2\/product_brand?post=35477"},{"taxonomy":"product_cat","embeddable":true,"href":"https:\/\/armurerie-richert.ch\/de\/wp-json\/wp\/v2\/product_cat?post=35477"},{"taxonomy":"product_tag","embeddable":true,"href":"https:\/\/armurerie-richert.ch\/de\/wp-json\/wp\/v2\/product_tag?post=35477"}],"curies":[{"name":"wp","href":"https:\/\/api.w.org\/{rel}","templated":true}]}}