{"id":35478,"date":"2023-11-04T15:33:09","date_gmt":"2023-11-04T14:33:09","guid":{"rendered":"https:\/\/armurerie-richert.ch\/produit\/timney-alpha-abzug-fuer-glock-9mm\/"},"modified":"2023-11-04T15:33:09","modified_gmt":"2023-11-04T14:33:09","slug":"timney-alpha-abzug-fuer-glock-9mm","status":"publish","type":"product","link":"https:\/\/armurerie-richert.ch\/de\/produit\/timney-alpha-abzug-fuer-glock-9mm\/","title":{"rendered":"Timney Alpha Abzug f\u00fcr Glock 9mm"},"content":{"rendered":"<h3>Timney Alpha Abzug f\u00fcr Glock 9mm<\/h3>\n<p>Verf\u00fcgbar f\u00fcr GEN 3-4 und 5<\/p>\n<p>Einf\u00fchrung des neuesten Timney Triggers, der Alpha Competition Series f\u00fcr <a class=\"crosslink\" title=\"Glock\" href=\"https:\/\/www.rainierarms.com\/manufacturers\/glock\/\" target=\"_self\" rel=\"noopener\">Glock<\/a> Colored Race Gun Triggers.<\/p>\n<p>Mit einem Fabrikgewicht von 3 Pfund erf\u00fcllt der Timney Alpha Competition Trigger die lange Forderung nach einem Trigger mit dem gleichen Gef\u00fchl und der gleichen Leistung, die der Zuverl\u00e4ssigkeit des <a class=\"crosslink\" title=\"Glock\" href=\"https:\/\/www.rainierarms.com\/manufacturers\/glock\/\" target=\"_self\" rel=\"noopener\">Glock-Systems<\/a> entspricht, indem er ein verbessertes Triggerdesign bietet, das keinen Teil der Zuverl\u00e4ssigkeit des Glock-Systems opfert. Dieser Trigger kann einfach installiert werden, ohne dass ein Revolverheld ben\u00f6tigt wird.<\/p>\n<p>Alpha Competition Series of Triggers for Glock Gen 3\/4\/5 pistols now include a c-clip washer to enhance the mounting of our sear assembly into the trigger housing.<\/p>\n<p><strong>Spezifikationen:<\/strong><\/p>\n<ul>\n<li>Drei Pfund Pullovergewicht<\/li>\n<li>Crisp trigger break<\/li>\n<li>Teflon Nickel (NP3) &#8211; Trigger Bar und Sear (dieser Prozess eliminiert praktisch die Reibung und sorgt f\u00fcr ein extrem glattes Gef\u00fchl)<\/li>\n<li>Straight aluminum trigger with safety blade (anodized)<\/li>\n<li>Verwendet alle Glock-Teile und Springs aus dem Lagerbestand<\/li>\n<li>Kompatibel mit Stock Glock Pistolen<\/li>\n<\/ul>\n","protected":false},"excerpt":{"rendered":"<p>Verf\u00fcgbar f\u00fcr GEN 3-4 und 5<\/p>\n<p>Einf\u00fchrung des neuesten Timney Triggers, der Alpha Competition Series f\u00fcr <a class=\"crosslink\" title=\"Glock\" href=\"https:\/\/www.rainierarms.com\/manufacturers\/glock\/\" target=\"_self\" rel=\"noopener\">Glock<\/a> Colored Race Gun Triggers.<\/p>\n<p>Mit einem Fabrikgewicht von 3 Pfund erf\u00fcllt der Timney Alpha Competition Trigger die lange Forderung nach einem Trigger mit dem gleichen Gef\u00fchl und der gleichen Leistung, die der Zuverl\u00e4ssigkeit des <a class=\"crosslink\" title=\"Glock\" href=\"https:\/\/www.rainierarms.com\/manufacturers\/glock\/\" target=\"_self\" rel=\"noopener\">Glock-Systems<\/a> entspricht, indem er ein verbessertes Triggerdesign bietet, das keinen Teil der Zuverl\u00e4ssigkeit des Glock-Systems opfert. Dieser Trigger kann einfach installiert werden, ohne dass ein Revolverheld ben\u00f6tigt wird.<\/p>\n<p>Alpha Competition Series of Triggers for Glock Gen 3\/4\/5 pistols now include a c-clip washer to enhance the mounting of our sear assembly into the trigger housing.<\/p>\n<p><strong>Spezifikationen:<\/strong><\/p>\n<ul>\n<li>Drei Pfund Pullovergewicht<\/li>\n<li>Crisp trigger break<\/li>\n<li>Teflon Nickel (NP3) &#8211; Trigger Bar und Sear (dieser Prozess eliminiert praktisch die Reibung und sorgt f\u00fcr ein extrem glattes Gef\u00fchl)<\/li>\n<li>Straight aluminum trigger with safety blade (anodized)<\/li>\n<li>Verwendet alle Glock-Teile und Springs aus dem Lagerbestand<\/li>\n<li>Kompatibel mit Stock Glock Pistolen<\/li>\n<\/ul>\n","protected":false},"featured_media":32260,"template":"","meta":{"_et_pb_use_builder":"","_et_pb_old_content":"","_et_gb_content_width":""},"product_brand":[],"product_cat":[70,65],"product_tag":[],"class_list":{"0":"post-35478","1":"product","2":"type-product","3":"status-publish","4":"has-post-thumbnail","6":"product_cat-zubehor-fur-pistolen","7":"product_cat-zubehor-und-optik","9":"first","10":"instock","11":"shipping-taxable","12":"purchasable","13":"product-type-simple"},"yoast_head":"<!-- This site is optimized with the Yoast SEO Premium plugin v24.7 (Yoast SEO v27.5) - https:\/\/yoast.com\/product\/yoast-seo-premium-wordpress\/ -->\n<title>Timney Alpha Abzug f\u00fcr Glock 9mm - Armurerie Richert<\/title>\n<meta name=\"description\" content=\"Holen Sie sich die h\u00f6chste Pr\u00e4zision und Zuverl\u00e4ssigkeit von Glock mit dem Timney Alpha Abzug f\u00fcr Glock 9mm. Maximieren Sie Ihre Leistung bei Wettk\u00e4mpfen.\" \/>\n<meta name=\"robots\" content=\"index, follow, max-snippet:-1, max-image-preview:large, max-video-preview:-1\" \/>\n<link rel=\"canonical\" href=\"https:\/\/armurerie-richert.ch\/de\/produit\/timney-alpha-abzug-fuer-glock-9mm\/\" \/>\n<meta property=\"og:locale\" content=\"de_DE\" \/>\n<meta property=\"og:type\" content=\"article\" \/>\n<meta property=\"og:title\" content=\"Timney Alpha Abzug f\u00fcr Glock 9mm\" \/>\n<meta property=\"og:description\" content=\"Holen Sie sich die h\u00f6chste Pr\u00e4zision und Zuverl\u00e4ssigkeit von Glock mit dem Timney Alpha Abzug f\u00fcr Glock 9mm. Maximieren Sie Ihre Leistung bei Wettk\u00e4mpfen.\" \/>\n<meta property=\"og:url\" content=\"https:\/\/armurerie-richert.ch\/de\/produit\/timney-alpha-abzug-fuer-glock-9mm\/\" \/>\n<meta property=\"og:site_name\" content=\"Armurerie Richert\" \/>\n<meta property=\"article:publisher\" content=\"https:\/\/www.facebook.com\/profile.php?id=100023920014088\" \/>\n<meta property=\"og:image\" content=\"https:\/\/armurerie-richert.ch\/wp-content\/uploads\/2023\/11\/glockalpha-productimage-c.jpg\" \/>\n\t<meta property=\"og:image:width\" content=\"1920\" \/>\n\t<meta property=\"og:image:height\" content=\"1920\" \/>\n\t<meta property=\"og:image:type\" content=\"image\/jpeg\" \/>\n<meta name=\"twitter:card\" content=\"summary_large_image\" \/>\n<meta name=\"twitter:label1\" content=\"Preis\" \/>\n\t<meta name=\"twitter:data1\" content=\"&#067;&#072;&#070;&nbsp;230.00\" \/>\n\t<meta name=\"twitter:label2\" content=\"Verf\u00fcgbarkeit\" \/>\n\t<meta name=\"twitter:data2\" content=\"Auf Lager\" \/>\n<script type=\"application\/ld+json\" class=\"yoast-schema-graph\">{\"@context\":\"https:\\\/\\\/schema.org\",\"@graph\":[{\"@type\":\"WebPage\",\"@id\":\"https:\\\/\\\/armurerie-richert.ch\\\/de\\\/produit\\\/timney-alpha-abzug-fuer-glock-9mm\\\/\",\"url\":\"https:\\\/\\\/armurerie-richert.ch\\\/de\\\/produit\\\/timney-alpha-abzug-fuer-glock-9mm\\\/\",\"name\":\"Timney Alpha Abzug f\u00fcr Glock 9mm - Armurerie Richert\",\"isPartOf\":{\"@id\":\"https:\\\/\\\/armurerie-richert.ch\\\/de\\\/#website\"},\"primaryImageOfPage\":{\"@id\":\"https:\\\/\\\/armurerie-richert.ch\\\/de\\\/produit\\\/timney-alpha-abzug-fuer-glock-9mm\\\/#primaryimage\"},\"image\":{\"@id\":\"https:\\\/\\\/armurerie-richert.ch\\\/de\\\/produit\\\/timney-alpha-abzug-fuer-glock-9mm\\\/#primaryimage\"},\"thumbnailUrl\":\"https:\\\/\\\/armurerie-richert.ch\\\/wp-content\\\/uploads\\\/2023\\\/11\\\/glockalpha-productimage-c.jpg\",\"datePublished\":\"2023-11-04T14:33:09+00:00\",\"description\":\"Holen Sie sich die h\u00f6chste Pr\u00e4zision und Zuverl\u00e4ssigkeit von Glock mit dem Timney Alpha Abzug f\u00fcr Glock 9mm. Maximieren Sie Ihre Leistung bei Wettk\u00e4mpfen.\",\"breadcrumb\":{\"@id\":\"https:\\\/\\\/armurerie-richert.ch\\\/de\\\/produit\\\/timney-alpha-abzug-fuer-glock-9mm\\\/#breadcrumb\"},\"inLanguage\":\"de\",\"potentialAction\":[{\"@type\":\"ReadAction\",\"target\":[\"https:\\\/\\\/armurerie-richert.ch\\\/de\\\/produit\\\/timney-alpha-abzug-fuer-glock-9mm\\\/\"]}]},{\"@type\":\"ImageObject\",\"inLanguage\":\"de\",\"@id\":\"https:\\\/\\\/armurerie-richert.ch\\\/de\\\/produit\\\/timney-alpha-abzug-fuer-glock-9mm\\\/#primaryimage\",\"url\":\"https:\\\/\\\/armurerie-richert.ch\\\/wp-content\\\/uploads\\\/2023\\\/11\\\/glockalpha-productimage-c.jpg\",\"contentUrl\":\"https:\\\/\\\/armurerie-richert.ch\\\/wp-content\\\/uploads\\\/2023\\\/11\\\/glockalpha-productimage-c.jpg\",\"width\":1920,\"height\":1920},{\"@type\":\"BreadcrumbList\",\"@id\":\"https:\\\/\\\/armurerie-richert.ch\\\/de\\\/produit\\\/timney-alpha-abzug-fuer-glock-9mm\\\/#breadcrumb\",\"itemListElement\":[{\"@type\":\"ListItem\",\"position\":1,\"name\":\"Accueil\",\"item\":\"https:\\\/\\\/armurerie-richert.ch\\\/de\\\/startseite\\\/\"},{\"@type\":\"ListItem\",\"position\":2,\"name\":\"Shop\",\"item\":\"https:\\\/\\\/armurerie-richert.ch\\\/de\\\/shop\\\/\"},{\"@type\":\"ListItem\",\"position\":3,\"name\":\"Timney Alpha Abzug f\u00fcr Glock 9mm\"}]},{\"@type\":\"WebSite\",\"@id\":\"https:\\\/\\\/armurerie-richert.ch\\\/de\\\/#website\",\"url\":\"https:\\\/\\\/armurerie-richert.ch\\\/de\\\/\",\"name\":\"Armurerie Richert\",\"description\":\"\",\"publisher\":{\"@id\":\"https:\\\/\\\/armurerie-richert.ch\\\/de\\\/#organization\"},\"potentialAction\":[{\"@type\":\"SearchAction\",\"target\":{\"@type\":\"EntryPoint\",\"urlTemplate\":\"https:\\\/\\\/armurerie-richert.ch\\\/de\\\/?s={search_term_string}\"},\"query-input\":{\"@type\":\"PropertyValueSpecification\",\"valueRequired\":true,\"valueName\":\"search_term_string\"}}],\"inLanguage\":\"de\"},{\"@type\":\"Organization\",\"@id\":\"https:\\\/\\\/armurerie-richert.ch\\\/de\\\/#organization\",\"name\":\"Armurerie Richert\",\"url\":\"https:\\\/\\\/armurerie-richert.ch\\\/de\\\/\",\"logo\":{\"@type\":\"ImageObject\",\"inLanguage\":\"de\",\"@id\":\"https:\\\/\\\/armurerie-richert.ch\\\/de\\\/#\\\/schema\\\/logo\\\/image\\\/\",\"url\":\"https:\\\/\\\/armurerie-richert.ch\\\/wp-content\\\/uploads\\\/2023\\\/11\\\/Armurerie-Richert-Logo-300px.png\",\"contentUrl\":\"https:\\\/\\\/armurerie-richert.ch\\\/wp-content\\\/uploads\\\/2023\\\/11\\\/Armurerie-Richert-Logo-300px.png\",\"width\":300,\"height\":73,\"caption\":\"Armurerie Richert\"},\"image\":{\"@id\":\"https:\\\/\\\/armurerie-richert.ch\\\/de\\\/#\\\/schema\\\/logo\\\/image\\\/\"},\"sameAs\":[\"https:\\\/\\\/www.facebook.com\\\/profile.php?id=100023920014088\"]}]}<\/script>\n<meta property=\"product:price:amount\" content=\"230.00\" \/>\n<meta property=\"product:price:currency\" content=\"CHF\" \/>\n<meta property=\"og:availability\" content=\"instock\" \/>\n<meta property=\"product:availability\" content=\"instock\" \/>\n<meta property=\"product:condition\" content=\"new\" \/>\n<!-- \/ Yoast SEO Premium plugin. -->","yoast_head_json":{"title":"Timney Alpha Abzug f\u00fcr Glock 9mm - Armurerie Richert","description":"Holen Sie sich die h\u00f6chste Pr\u00e4zision und Zuverl\u00e4ssigkeit von Glock mit dem Timney Alpha Abzug f\u00fcr Glock 9mm. Maximieren Sie Ihre Leistung bei Wettk\u00e4mpfen.","robots":{"index":"index","follow":"follow","max-snippet":"max-snippet:-1","max-image-preview":"max-image-preview:large","max-video-preview":"max-video-preview:-1"},"canonical":"https:\/\/armurerie-richert.ch\/de\/produit\/timney-alpha-abzug-fuer-glock-9mm\/","og_locale":"de_DE","og_type":"article","og_title":"Timney Alpha Abzug f\u00fcr Glock 9mm","og_description":"Holen Sie sich die h\u00f6chste Pr\u00e4zision und Zuverl\u00e4ssigkeit von Glock mit dem Timney Alpha Abzug f\u00fcr Glock 9mm. Maximieren Sie Ihre Leistung bei Wettk\u00e4mpfen.","og_url":"https:\/\/armurerie-richert.ch\/de\/produit\/timney-alpha-abzug-fuer-glock-9mm\/","og_site_name":"Armurerie Richert","article_publisher":"https:\/\/www.facebook.com\/profile.php?id=100023920014088","og_image":[{"width":1920,"height":1920,"url":"https:\/\/armurerie-richert.ch\/wp-content\/uploads\/2023\/11\/glockalpha-productimage-c.jpg","type":"image\/jpeg"}],"twitter_card":"summary_large_image","twitter_misc":{"Preis":"&#67;&#72;&#70;&nbsp;230.00","Verf\u00fcgbarkeit":"Auf Lager"},"schema":{"@context":"https:\/\/schema.org","@graph":[{"@type":"WebPage","@id":"https:\/\/armurerie-richert.ch\/de\/produit\/timney-alpha-abzug-fuer-glock-9mm\/","url":"https:\/\/armurerie-richert.ch\/de\/produit\/timney-alpha-abzug-fuer-glock-9mm\/","name":"Timney Alpha Abzug f\u00fcr Glock 9mm - Armurerie Richert","isPartOf":{"@id":"https:\/\/armurerie-richert.ch\/de\/#website"},"primaryImageOfPage":{"@id":"https:\/\/armurerie-richert.ch\/de\/produit\/timney-alpha-abzug-fuer-glock-9mm\/#primaryimage"},"image":{"@id":"https:\/\/armurerie-richert.ch\/de\/produit\/timney-alpha-abzug-fuer-glock-9mm\/#primaryimage"},"thumbnailUrl":"https:\/\/armurerie-richert.ch\/wp-content\/uploads\/2023\/11\/glockalpha-productimage-c.jpg","datePublished":"2023-11-04T14:33:09+00:00","description":"Holen Sie sich die h\u00f6chste Pr\u00e4zision und Zuverl\u00e4ssigkeit von Glock mit dem Timney Alpha Abzug f\u00fcr Glock 9mm. Maximieren Sie Ihre Leistung bei Wettk\u00e4mpfen.","breadcrumb":{"@id":"https:\/\/armurerie-richert.ch\/de\/produit\/timney-alpha-abzug-fuer-glock-9mm\/#breadcrumb"},"inLanguage":"de","potentialAction":[{"@type":"ReadAction","target":["https:\/\/armurerie-richert.ch\/de\/produit\/timney-alpha-abzug-fuer-glock-9mm\/"]}]},{"@type":"ImageObject","inLanguage":"de","@id":"https:\/\/armurerie-richert.ch\/de\/produit\/timney-alpha-abzug-fuer-glock-9mm\/#primaryimage","url":"https:\/\/armurerie-richert.ch\/wp-content\/uploads\/2023\/11\/glockalpha-productimage-c.jpg","contentUrl":"https:\/\/armurerie-richert.ch\/wp-content\/uploads\/2023\/11\/glockalpha-productimage-c.jpg","width":1920,"height":1920},{"@type":"BreadcrumbList","@id":"https:\/\/armurerie-richert.ch\/de\/produit\/timney-alpha-abzug-fuer-glock-9mm\/#breadcrumb","itemListElement":[{"@type":"ListItem","position":1,"name":"Accueil","item":"https:\/\/armurerie-richert.ch\/de\/startseite\/"},{"@type":"ListItem","position":2,"name":"Shop","item":"https:\/\/armurerie-richert.ch\/de\/shop\/"},{"@type":"ListItem","position":3,"name":"Timney Alpha Abzug f\u00fcr Glock 9mm"}]},{"@type":"WebSite","@id":"https:\/\/armurerie-richert.ch\/de\/#website","url":"https:\/\/armurerie-richert.ch\/de\/","name":"Armurerie Richert","description":"","publisher":{"@id":"https:\/\/armurerie-richert.ch\/de\/#organization"},"potentialAction":[{"@type":"SearchAction","target":{"@type":"EntryPoint","urlTemplate":"https:\/\/armurerie-richert.ch\/de\/?s={search_term_string}"},"query-input":{"@type":"PropertyValueSpecification","valueRequired":true,"valueName":"search_term_string"}}],"inLanguage":"de"},{"@type":"Organization","@id":"https:\/\/armurerie-richert.ch\/de\/#organization","name":"Armurerie Richert","url":"https:\/\/armurerie-richert.ch\/de\/","logo":{"@type":"ImageObject","inLanguage":"de","@id":"https:\/\/armurerie-richert.ch\/de\/#\/schema\/logo\/image\/","url":"https:\/\/armurerie-richert.ch\/wp-content\/uploads\/2023\/11\/Armurerie-Richert-Logo-300px.png","contentUrl":"https:\/\/armurerie-richert.ch\/wp-content\/uploads\/2023\/11\/Armurerie-Richert-Logo-300px.png","width":300,"height":73,"caption":"Armurerie Richert"},"image":{"@id":"https:\/\/armurerie-richert.ch\/de\/#\/schema\/logo\/image\/"},"sameAs":["https:\/\/www.facebook.com\/profile.php?id=100023920014088"]}]},"product_price_amount":"230.00","product_price_currency":"CHF","og_availability":"instock","product_availability":"instock","product_condition":"new"},"_links":{"self":[{"href":"https:\/\/armurerie-richert.ch\/de\/wp-json\/wp\/v2\/product\/35478","targetHints":{"allow":["GET"]}}],"collection":[{"href":"https:\/\/armurerie-richert.ch\/de\/wp-json\/wp\/v2\/product"}],"about":[{"href":"https:\/\/armurerie-richert.ch\/de\/wp-json\/wp\/v2\/types\/product"}],"wp:featuredmedia":[{"embeddable":true,"href":"https:\/\/armurerie-richert.ch\/de\/wp-json\/wp\/v2\/media\/32260"}],"wp:attachment":[{"href":"https:\/\/armurerie-richert.ch\/de\/wp-json\/wp\/v2\/media?parent=35478"}],"wp:term":[{"taxonomy":"product_brand","embeddable":true,"href":"https:\/\/armurerie-richert.ch\/de\/wp-json\/wp\/v2\/product_brand?post=35478"},{"taxonomy":"product_cat","embeddable":true,"href":"https:\/\/armurerie-richert.ch\/de\/wp-json\/wp\/v2\/product_cat?post=35478"},{"taxonomy":"product_tag","embeddable":true,"href":"https:\/\/armurerie-richert.ch\/de\/wp-json\/wp\/v2\/product_tag?post=35478"}],"curies":[{"name":"wp","href":"https:\/\/api.w.org\/{rel}","templated":true}]}}