{"id":35485,"date":"2023-11-04T14:19:15","date_gmt":"2023-11-04T13:19:15","guid":{"rendered":"https:\/\/armurerie-richert.ch\/produit\/shadow-system-mr920-elite\/"},"modified":"2023-11-04T14:19:15","modified_gmt":"2023-11-04T13:19:15","slug":"shadow-system-mr920-elite","status":"publish","type":"product","link":"https:\/\/armurerie-richert.ch\/de\/produit\/shadow-system-mr920-elite\/","title":{"rendered":"SHADOW SYSTEM MR920 Elite"},"content":{"rendered":"<h3>SHADOW SYSTEM MR920 Elite<\/h3>\n<p>Die MR920 ist eine feature-packed, kompakt-sized Pistole, die f\u00fcr die Verwendung mit vorhandenen G19 Holstern, Magazinen und Gear konzipiert wurde. Der Rahmen der MR920 verf\u00fcgt \u00fcber eine konfigurierbare Ergonomie. Austauschbare R\u00fcckenlehnen erm\u00f6glichen es dem Sch\u00fctzen, den Griffwinkel an seinen nat\u00fcrlichen Zielpunkt anzupassen. Ein verl\u00e4ngertes Beavertail und ein aggressiver Ausl\u00f6serschutz sorgen f\u00fcr eine drastische Reduzierung des R\u00fccksto\u00dfes und erh\u00f6hen die Kontrollierbarkeit. Die Wrap-around-Griffstruktur des Rahmens ist aggressiv genug, um die Waffe fest im Griff des Sch\u00fctzen zu halten, ohne unbequem f\u00fcr den t\u00e4glichen Gebrauch zu sein. Der Match-Grade Lauf ist konventionell gezogen und spiralf\u00f6rmig gefluted, um die Entfernung von Ablagerungen zu verbessern. Der drop-safe, flach-faced Aluminium Trigger hat einen 4,5-5,0 lbs Triggerzug und einen knackigen, taktilen Reset. Die Optic Cut Modelle erm\u00f6glichen es den Sch\u00fctzen, den Mini Red Dot Optic ihrer Wahl zu montieren.    <\/p>\n<h3><strong>Features:<\/strong><\/h3>\n<ul>\n<li>Kaliber: 9MM<\/li>\n<li>Aktion: Striker fire<\/li>\n<li>Gewicht: 21.5 oz (Combat)<\/li>\n<li>Rahmen: Textured polymer<\/li>\n<li>L\u00e4nge: 7 \u215b inches<\/li>\n<li>H\u00f6he: 4 \u00be inches<\/li>\n<li>Slide Material: 17-4 Stainless Steel<\/li>\n<li>Barrel Material: 416R Stainless Steel<\/li>\n<li>Trigger pull: 4.5-5.0 lbs<\/li>\n<li>Kapazit\u00e4t: 15+1<\/li>\n<li>Vorderseite: Green Outline, Tritium Dot<\/li>\n<li>R\u00fcckansicht: Black Serrated<\/li>\n<li>Zeitschrift: (2) 15 Rd<\/li>\n<\/ul>\n","protected":false},"excerpt":{"rendered":"<p>Die MR920 ist eine feature-packed, kompakt-sized Pistole, die f\u00fcr die Verwendung mit vorhandenen G19 Holstern, Magazinen und Gear konzipiert wurde. Der Rahmen der MR920 verf\u00fcgt \u00fcber eine konfigurierbare Ergonomie. Austauschbare R\u00fcckenlehnen erm\u00f6glichen es dem Sch\u00fctzen, den Griffwinkel an seinen nat\u00fcrlichen Zielpunkt anzupassen. Ein verl\u00e4ngertes Beavertail und ein aggressiver Ausl\u00f6serschutz sorgen f\u00fcr eine drastische Reduzierung des R\u00fccksto\u00dfes und erh\u00f6hen die Kontrollierbarkeit. Die Wrap-around-Griffstruktur des Rahmens ist aggressiv genug, um die Waffe fest im Griff des Sch\u00fctzen zu halten, ohne unbequem f\u00fcr den t\u00e4glichen Gebrauch zu sein. Der Match-Grade Lauf ist konventionell gezogen und spiralf\u00f6rmig gefluted, um die Entfernung von Ablagerungen zu verbessern. Der drop-safe, flach-faced Aluminium Trigger hat einen 4,5-5,0 lbs Triggerzug und einen knackigen, taktilen Reset. Die Optic Cut Modelle erm\u00f6glichen es den Sch\u00fctzen, den Mini Red Dot Optic ihrer Wahl zu montieren.    <\/p>\n<h3><strong>Features:<\/strong><\/h3>\n<ul>\n<li>Kaliber: 9MM<\/li>\n<li>Aktion: Striker fire<\/li>\n<li>Gewicht: 21.5 oz (Combat)<\/li>\n<li>Rahmen: Textured polymer<\/li>\n<li>L\u00e4nge: 7 \u215b inches<\/li>\n<li>H\u00f6he: 4 \u00be inches<\/li>\n<li>Slide Material: 17-4 Stainless Steel<\/li>\n<li>Barrel Material: 416R Stainless Steel<\/li>\n<li>Trigger pull: 4.5-5.0 lbs<\/li>\n<li>Kapazit\u00e4t: 15+1<\/li>\n<li>Vorderseite: Green Outline, Tritium Dot<\/li>\n<li>R\u00fcckansicht: Black Serrated<\/li>\n<li>Zeitschrift: (2) 15 Rd<\/li>\n<\/ul>\n","protected":false},"featured_media":32209,"template":"","meta":{"_et_pb_use_builder":"","_et_pb_old_content":"","_et_gb_content_width":""},"product_brand":[],"product_cat":[78,77],"product_tag":[],"class_list":{"0":"post-35485","1":"product","2":"type-product","3":"status-publish","4":"has-post-thumbnail","6":"product_cat-glock-und-derivate","7":"product_cat-neue-waffen","9":"first","10":"instock","11":"shipping-taxable","12":"purchasable","13":"product-type-simple"},"yoast_head":"<!-- This site is optimized with the Yoast SEO Premium plugin v24.7 (Yoast SEO v27.5) - https:\/\/yoast.com\/product\/yoast-seo-premium-wordpress\/ -->\n<title>SHADOW SYSTEM MR920 Elite - Armurerie Richert<\/title>\n<meta name=\"description\" content=\"Die SHADOW SYSTEM MR920 Elite Pistole. Ihr kompaktes Design und ihre au\u00dfergew\u00f6hnlichen Eigenschaften machen sie zu einer unverzichtbaren Waffe.\" \/>\n<meta name=\"robots\" content=\"index, follow, max-snippet:-1, max-image-preview:large, max-video-preview:-1\" \/>\n<link rel=\"canonical\" href=\"https:\/\/armurerie-richert.ch\/de\/produit\/shadow-system-mr920-elite\/\" \/>\n<meta property=\"og:locale\" content=\"de_DE\" \/>\n<meta property=\"og:type\" content=\"article\" \/>\n<meta property=\"og:title\" content=\"SHADOW SYSTEM MR920 Elite\" \/>\n<meta property=\"og:description\" content=\"Die SHADOW SYSTEM MR920 Elite Pistole. Ihr kompaktes Design und ihre au\u00dfergew\u00f6hnlichen Eigenschaften machen sie zu einer unverzichtbaren Waffe.\" \/>\n<meta property=\"og:url\" content=\"https:\/\/armurerie-richert.ch\/de\/produit\/shadow-system-mr920-elite\/\" \/>\n<meta property=\"og:site_name\" content=\"Armurerie Richert\" \/>\n<meta property=\"article:publisher\" content=\"https:\/\/www.facebook.com\/profile.php?id=100023920014088\" \/>\n<meta property=\"og:image\" content=\"https:\/\/armurerie-richert.ch\/wp-content\/uploads\/2023\/11\/Shadow-system-mr920-elite.jpg\" \/>\n\t<meta property=\"og:image:width\" content=\"1920\" \/>\n\t<meta property=\"og:image:height\" content=\"1920\" \/>\n\t<meta property=\"og:image:type\" content=\"image\/jpeg\" \/>\n<meta name=\"twitter:card\" content=\"summary_large_image\" \/>\n<meta name=\"twitter:label1\" content=\"Preis\" \/>\n\t<meta name=\"twitter:data1\" content=\"&#067;&#072;&#070;&nbsp;1&#039;450.00\" \/>\n\t<meta name=\"twitter:label2\" content=\"Verf\u00fcgbarkeit\" \/>\n\t<meta name=\"twitter:data2\" content=\"Auf Lager\" \/>\n<script type=\"application\/ld+json\" class=\"yoast-schema-graph\">{\"@context\":\"https:\\\/\\\/schema.org\",\"@graph\":[{\"@type\":\"WebPage\",\"@id\":\"https:\\\/\\\/armurerie-richert.ch\\\/de\\\/produit\\\/shadow-system-mr920-elite\\\/\",\"url\":\"https:\\\/\\\/armurerie-richert.ch\\\/de\\\/produit\\\/shadow-system-mr920-elite\\\/\",\"name\":\"SHADOW SYSTEM MR920 Elite - Armurerie Richert\",\"isPartOf\":{\"@id\":\"https:\\\/\\\/armurerie-richert.ch\\\/de\\\/#website\"},\"primaryImageOfPage\":{\"@id\":\"https:\\\/\\\/armurerie-richert.ch\\\/de\\\/produit\\\/shadow-system-mr920-elite\\\/#primaryimage\"},\"image\":{\"@id\":\"https:\\\/\\\/armurerie-richert.ch\\\/de\\\/produit\\\/shadow-system-mr920-elite\\\/#primaryimage\"},\"thumbnailUrl\":\"https:\\\/\\\/armurerie-richert.ch\\\/wp-content\\\/uploads\\\/2023\\\/11\\\/Shadow-system-mr920-elite.jpg\",\"datePublished\":\"2023-11-04T13:19:15+00:00\",\"description\":\"Die SHADOW SYSTEM MR920 Elite Pistole. Ihr kompaktes Design und ihre au\u00dfergew\u00f6hnlichen Eigenschaften machen sie zu einer unverzichtbaren Waffe.\",\"breadcrumb\":{\"@id\":\"https:\\\/\\\/armurerie-richert.ch\\\/de\\\/produit\\\/shadow-system-mr920-elite\\\/#breadcrumb\"},\"inLanguage\":\"de\",\"potentialAction\":[{\"@type\":\"ReadAction\",\"target\":[\"https:\\\/\\\/armurerie-richert.ch\\\/de\\\/produit\\\/shadow-system-mr920-elite\\\/\"]}]},{\"@type\":\"ImageObject\",\"inLanguage\":\"de\",\"@id\":\"https:\\\/\\\/armurerie-richert.ch\\\/de\\\/produit\\\/shadow-system-mr920-elite\\\/#primaryimage\",\"url\":\"https:\\\/\\\/armurerie-richert.ch\\\/wp-content\\\/uploads\\\/2023\\\/11\\\/Shadow-system-mr920-elite.jpg\",\"contentUrl\":\"https:\\\/\\\/armurerie-richert.ch\\\/wp-content\\\/uploads\\\/2023\\\/11\\\/Shadow-system-mr920-elite.jpg\",\"width\":1920,\"height\":1920},{\"@type\":\"BreadcrumbList\",\"@id\":\"https:\\\/\\\/armurerie-richert.ch\\\/de\\\/produit\\\/shadow-system-mr920-elite\\\/#breadcrumb\",\"itemListElement\":[{\"@type\":\"ListItem\",\"position\":1,\"name\":\"Accueil\",\"item\":\"https:\\\/\\\/armurerie-richert.ch\\\/de\\\/startseite\\\/\"},{\"@type\":\"ListItem\",\"position\":2,\"name\":\"Shop\",\"item\":\"https:\\\/\\\/armurerie-richert.ch\\\/de\\\/shop\\\/\"},{\"@type\":\"ListItem\",\"position\":3,\"name\":\"SHADOW SYSTEM MR920 Elite\"}]},{\"@type\":\"WebSite\",\"@id\":\"https:\\\/\\\/armurerie-richert.ch\\\/de\\\/#website\",\"url\":\"https:\\\/\\\/armurerie-richert.ch\\\/de\\\/\",\"name\":\"Armurerie Richert\",\"description\":\"\",\"publisher\":{\"@id\":\"https:\\\/\\\/armurerie-richert.ch\\\/de\\\/#organization\"},\"potentialAction\":[{\"@type\":\"SearchAction\",\"target\":{\"@type\":\"EntryPoint\",\"urlTemplate\":\"https:\\\/\\\/armurerie-richert.ch\\\/de\\\/?s={search_term_string}\"},\"query-input\":{\"@type\":\"PropertyValueSpecification\",\"valueRequired\":true,\"valueName\":\"search_term_string\"}}],\"inLanguage\":\"de\"},{\"@type\":\"Organization\",\"@id\":\"https:\\\/\\\/armurerie-richert.ch\\\/de\\\/#organization\",\"name\":\"Armurerie Richert\",\"url\":\"https:\\\/\\\/armurerie-richert.ch\\\/de\\\/\",\"logo\":{\"@type\":\"ImageObject\",\"inLanguage\":\"de\",\"@id\":\"https:\\\/\\\/armurerie-richert.ch\\\/de\\\/#\\\/schema\\\/logo\\\/image\\\/\",\"url\":\"https:\\\/\\\/armurerie-richert.ch\\\/wp-content\\\/uploads\\\/2023\\\/11\\\/Armurerie-Richert-Logo-300px.png\",\"contentUrl\":\"https:\\\/\\\/armurerie-richert.ch\\\/wp-content\\\/uploads\\\/2023\\\/11\\\/Armurerie-Richert-Logo-300px.png\",\"width\":300,\"height\":73,\"caption\":\"Armurerie Richert\"},\"image\":{\"@id\":\"https:\\\/\\\/armurerie-richert.ch\\\/de\\\/#\\\/schema\\\/logo\\\/image\\\/\"},\"sameAs\":[\"https:\\\/\\\/www.facebook.com\\\/profile.php?id=100023920014088\"]}]}<\/script>\n<meta property=\"product:price:amount\" content=\"1450.00\" \/>\n<meta property=\"product:price:currency\" content=\"CHF\" \/>\n<meta property=\"og:availability\" content=\"instock\" \/>\n<meta property=\"product:availability\" content=\"instock\" \/>\n<meta property=\"product:condition\" content=\"new\" \/>\n<!-- \/ Yoast SEO Premium plugin. -->","yoast_head_json":{"title":"SHADOW SYSTEM MR920 Elite - Armurerie Richert","description":"Die SHADOW SYSTEM MR920 Elite Pistole. Ihr kompaktes Design und ihre au\u00dfergew\u00f6hnlichen Eigenschaften machen sie zu einer unverzichtbaren Waffe.","robots":{"index":"index","follow":"follow","max-snippet":"max-snippet:-1","max-image-preview":"max-image-preview:large","max-video-preview":"max-video-preview:-1"},"canonical":"https:\/\/armurerie-richert.ch\/de\/produit\/shadow-system-mr920-elite\/","og_locale":"de_DE","og_type":"article","og_title":"SHADOW SYSTEM MR920 Elite","og_description":"Die SHADOW SYSTEM MR920 Elite Pistole. Ihr kompaktes Design und ihre au\u00dfergew\u00f6hnlichen Eigenschaften machen sie zu einer unverzichtbaren Waffe.","og_url":"https:\/\/armurerie-richert.ch\/de\/produit\/shadow-system-mr920-elite\/","og_site_name":"Armurerie Richert","article_publisher":"https:\/\/www.facebook.com\/profile.php?id=100023920014088","og_image":[{"width":1920,"height":1920,"url":"https:\/\/armurerie-richert.ch\/wp-content\/uploads\/2023\/11\/Shadow-system-mr920-elite.jpg","type":"image\/jpeg"}],"twitter_card":"summary_large_image","twitter_misc":{"Preis":"&#67;&#72;&#70;&nbsp;1'450.00","Verf\u00fcgbarkeit":"Auf Lager"},"schema":{"@context":"https:\/\/schema.org","@graph":[{"@type":"WebPage","@id":"https:\/\/armurerie-richert.ch\/de\/produit\/shadow-system-mr920-elite\/","url":"https:\/\/armurerie-richert.ch\/de\/produit\/shadow-system-mr920-elite\/","name":"SHADOW SYSTEM MR920 Elite - Armurerie Richert","isPartOf":{"@id":"https:\/\/armurerie-richert.ch\/de\/#website"},"primaryImageOfPage":{"@id":"https:\/\/armurerie-richert.ch\/de\/produit\/shadow-system-mr920-elite\/#primaryimage"},"image":{"@id":"https:\/\/armurerie-richert.ch\/de\/produit\/shadow-system-mr920-elite\/#primaryimage"},"thumbnailUrl":"https:\/\/armurerie-richert.ch\/wp-content\/uploads\/2023\/11\/Shadow-system-mr920-elite.jpg","datePublished":"2023-11-04T13:19:15+00:00","description":"Die SHADOW SYSTEM MR920 Elite Pistole. Ihr kompaktes Design und ihre au\u00dfergew\u00f6hnlichen Eigenschaften machen sie zu einer unverzichtbaren Waffe.","breadcrumb":{"@id":"https:\/\/armurerie-richert.ch\/de\/produit\/shadow-system-mr920-elite\/#breadcrumb"},"inLanguage":"de","potentialAction":[{"@type":"ReadAction","target":["https:\/\/armurerie-richert.ch\/de\/produit\/shadow-system-mr920-elite\/"]}]},{"@type":"ImageObject","inLanguage":"de","@id":"https:\/\/armurerie-richert.ch\/de\/produit\/shadow-system-mr920-elite\/#primaryimage","url":"https:\/\/armurerie-richert.ch\/wp-content\/uploads\/2023\/11\/Shadow-system-mr920-elite.jpg","contentUrl":"https:\/\/armurerie-richert.ch\/wp-content\/uploads\/2023\/11\/Shadow-system-mr920-elite.jpg","width":1920,"height":1920},{"@type":"BreadcrumbList","@id":"https:\/\/armurerie-richert.ch\/de\/produit\/shadow-system-mr920-elite\/#breadcrumb","itemListElement":[{"@type":"ListItem","position":1,"name":"Accueil","item":"https:\/\/armurerie-richert.ch\/de\/startseite\/"},{"@type":"ListItem","position":2,"name":"Shop","item":"https:\/\/armurerie-richert.ch\/de\/shop\/"},{"@type":"ListItem","position":3,"name":"SHADOW SYSTEM MR920 Elite"}]},{"@type":"WebSite","@id":"https:\/\/armurerie-richert.ch\/de\/#website","url":"https:\/\/armurerie-richert.ch\/de\/","name":"Armurerie Richert","description":"","publisher":{"@id":"https:\/\/armurerie-richert.ch\/de\/#organization"},"potentialAction":[{"@type":"SearchAction","target":{"@type":"EntryPoint","urlTemplate":"https:\/\/armurerie-richert.ch\/de\/?s={search_term_string}"},"query-input":{"@type":"PropertyValueSpecification","valueRequired":true,"valueName":"search_term_string"}}],"inLanguage":"de"},{"@type":"Organization","@id":"https:\/\/armurerie-richert.ch\/de\/#organization","name":"Armurerie Richert","url":"https:\/\/armurerie-richert.ch\/de\/","logo":{"@type":"ImageObject","inLanguage":"de","@id":"https:\/\/armurerie-richert.ch\/de\/#\/schema\/logo\/image\/","url":"https:\/\/armurerie-richert.ch\/wp-content\/uploads\/2023\/11\/Armurerie-Richert-Logo-300px.png","contentUrl":"https:\/\/armurerie-richert.ch\/wp-content\/uploads\/2023\/11\/Armurerie-Richert-Logo-300px.png","width":300,"height":73,"caption":"Armurerie Richert"},"image":{"@id":"https:\/\/armurerie-richert.ch\/de\/#\/schema\/logo\/image\/"},"sameAs":["https:\/\/www.facebook.com\/profile.php?id=100023920014088"]}]},"product_price_amount":"1450.00","product_price_currency":"CHF","og_availability":"instock","product_availability":"instock","product_condition":"new"},"_links":{"self":[{"href":"https:\/\/armurerie-richert.ch\/de\/wp-json\/wp\/v2\/product\/35485","targetHints":{"allow":["GET"]}}],"collection":[{"href":"https:\/\/armurerie-richert.ch\/de\/wp-json\/wp\/v2\/product"}],"about":[{"href":"https:\/\/armurerie-richert.ch\/de\/wp-json\/wp\/v2\/types\/product"}],"wp:featuredmedia":[{"embeddable":true,"href":"https:\/\/armurerie-richert.ch\/de\/wp-json\/wp\/v2\/media\/32209"}],"wp:attachment":[{"href":"https:\/\/armurerie-richert.ch\/de\/wp-json\/wp\/v2\/media?parent=35485"}],"wp:term":[{"taxonomy":"product_brand","embeddable":true,"href":"https:\/\/armurerie-richert.ch\/de\/wp-json\/wp\/v2\/product_brand?post=35485"},{"taxonomy":"product_cat","embeddable":true,"href":"https:\/\/armurerie-richert.ch\/de\/wp-json\/wp\/v2\/product_cat?post=35485"},{"taxonomy":"product_tag","embeddable":true,"href":"https:\/\/armurerie-richert.ch\/de\/wp-json\/wp\/v2\/product_tag?post=35485"}],"curies":[{"name":"wp","href":"https:\/\/api.w.org\/{rel}","templated":true}]}}